{"id":10535,"date":"2026-01-27T19:48:36","date_gmt":"2026-01-27T18:48:36","guid":{"rendered":"https:\/\/archathle.ovh\/?page_id=10535"},"modified":"2026-01-27T19:51:35","modified_gmt":"2026-01-27T18:51:35","slug":"descente-de-la-lesse-2024","status":"publish","type":"page","link":"https:\/\/archathle.eu\/index.php\/descente-de-la-lesse-2024\/","title":{"rendered":"Descente de la Lesse 2024"},"content":{"rendered":"\t\t<div data-elementor-type=\"wp-page\" data-elementor-id=\"10535\" class=\"elementor elementor-10535\">\n\t\t\t\t<div class=\"elementor-element elementor-element-32de261d e-flex e-con-boxed e-con e-parent\" data-id=\"32de261d\" data-element_type=\"container\" data-e-type=\"container\">\n\t\t\t\t\t<div class=\"e-con-inner\">\n\t\t\t\t<div class=\"elementor-element elementor-element-7c1b247 elementor-widget elementor-widget-text-editor\" data-id=\"7c1b247\" data-element_type=\"widget\" data-e-type=\"widget\" data-widget_type=\"text-editor.default\">\n\t\t\t\t<div class=\"elementor-widget-container\">\n\t\t\t\t\t\t\t\t\t<div>\n<h2><a href=\"https:\/\/www.acn-timing.com\/?lng=FR#\/events\/2153492307275071\/ctx\/20240825_delhalle\/cms\/CAP\">Les RESULTATS 2024 &#8230;<\/a>\u00a01347 ARRIVEES !<\/h2>\n<p><a href=\"https:\/\/www.flickr.com\/photos\/145090962@N07\/albums\">Les photos de A et J DF<\/a> &#8211; <a href=\"https:\/\/l.facebook.com\/l.php?u=https%3A%2F%2Fwww.matele.be%2Fles-erythreens-au-pouvoir-lors-de-la-descente-de-la-lesse%3Ffbclid%3DIwZXh0bgNhZW0CMTEAAR1CDNIvFCJYIDCDYVd_4LdD4sDNCqWpi2TR9Onv0wnqdIVacBpH9rHKnMs_aem_2pOdmxuiWmS1ZKoCF5U2mw&amp;h=AT0m2WVJuABt5_uo67zmHwvRb6o5CaJoU6bhwU_8WXLqAkjBlpHBb1iXD3TK2-31SqxEeft1j863XgSAr5GoJLTpKoNcO5BUdDHaOn4CJKdD-GyqllAGjZINE72KmAsVBkaD5Lx5mSleCWIjmw&amp;__tn__=%2CmH-y-R&amp;c[0]=AT2Il3-1tb6xMttpC9QeeUy0THeZjko9VhzmV9RQHrbnpUY0QIaziQddTVX1tCUnoD-Mnz6lvXcJRjHea8JJpmTzchf-rnD3dhZ3F4e1HiF2hwtxIATwNhhNScU4oZE_2x9rS9BhzPhOMFs0E-1TmkIeu_WNww6p4almyqCzZZIhNkz_2mQnwMjT-iFty5qFNzrcxlLzW9FM3YuZjNPTwVr0SjBOTLoFS35cGdZC3KfJl2QwsbS4sHN1TtzRZVbBdM3BRO5Ku50tP6MBWng9jw\">Le reportage de Ma T\u00e9l\u00e9<\/a> &#8211; <a href=\"https:\/\/www.dhnet.be\/sports\/omnisports\/running\/2024\/08\/25\/1342-participants-lors-de-la-descente-de-la-lesse-remportee-par-alex-teklewel-et-sophie-hardy-photosvideos-V7RHPZHH7BERLFQZ2O256P6YNQ\/\">L&rsquo;article de Belgium Running<\/a>\u00a0&#8211; <a href=\"https:\/\/www.facebook.com\/Archathle\/videos\/1182480349637123\">Les vid\u00e9os de DH\u00a0<\/a>Belgium Running<\/p>\n<hr \/>\n<p>Entre course sur route et trail, ces deux <strong>parcours mixtes<\/strong> de courses-nature plairont \u00e0 toutes et tous.<\/p>\n<p><strong>La Top\u2019Lesse, parcours originel de 20,5 kilom\u00e8tres vous permet de d\u00e9couvrir cette s\u00e9duisante vall\u00e9e.<\/strong><\/p>\n<p><strong>La Lesse Douce qui emprunte les 12 derniers kilom\u00e8tres de la Top\u2019Lesse<\/strong> au d\u00e9part de la gare de Gendron vous permettra de d\u00e9couvrir le superbe d\u00e9cor des Aiguilles de Chaleux, du Ch\u00e2teau de Walzin flanqu\u00e9 sur son \u00e9peron\u00a0cheux et du panorama sur le Rocher Bayard et la Citadelle de Dinant qui s\u2019ouvriront \u00e0 vous au confluent de la Lesse et de la Meuse.<\/p>\n<p>Quant aux neuf premiers kilom\u00e8tres de la Top\u2019Lesse c\u2019est au fil de l\u2019eau que vous quitterez la Lesse pour appr\u00e9cier le village de Gendron atteint apr\u00e8s avoir gravi les trois cent m\u00e8tres du raidillon de Clinchamps. Le village travers\u00e9 et le point culminant du parcours atteint vous d\u00e9valerez le chemin de la Chapelle du Comte pour retrouver la rivi\u00e8re, sa rampe d\u2019escaliers et faire la jonction au pont de Gendron avec la Lesse Douce.<\/p>\n<p>La Descente de la Lesse fait partie et fut initiatrice du c\u00e9l\u00e8bre Challenge Delhalle rassemblant seize courses en Belgique francophone mais aussi du Challenge des Courses de L\u00e9gende avec les deux courses fran\u00e7aises c\u00e9l\u00e8bres et mythiques que sont le Marvejols-Mende en Loz\u00e8re et la Mont\u00e9e du Poupet dans le Jura.<\/p>\n<p>Contact : <span id=\"cloakebcf4a8c03ff866d9979e1b6ede1f27c\"><a href=\"mailto:descentedelalessearch@gmail.com\">descentedelalessearch@gmail.com<\/a><\/span><\/p>\n<\/div>\t\t\t\t\t\t\t\t<\/div>\n\t\t\t\t<\/div>\n\t\t\t\t\t<\/div>\n\t\t\t\t<\/div>\n\t\t\t\t<\/div>\n\t\t","protected":false},"excerpt":{"rendered":"<p>Les RESULTATS 2024 &#8230;\u00a01347 ARRIVEES ! Les photos de A et J DF &#8211; Le reportage de Ma T\u00e9l\u00e9 &#8211; L&rsquo;article de Belgium Running\u00a0&#8211; Les vid\u00e9os de DH\u00a0Belgium Running Entre course sur route et trail, ces deux parcours mixtes de courses-nature plairont \u00e0 toutes et tous. La Top\u2019Lesse, parcours originel de 20,5 kilom\u00e8tres vous permet [&hellip;]<\/p>\n","protected":false},"author":1,"featured_media":0,"parent":0,"menu_order":0,"comment_status":"closed","ping_status":"closed","template":"","meta":{"footnotes":""},"class_list":["post-10535","page","type-page","status-publish","hentry"],"_links":{"self":[{"href":"https:\/\/archathle.eu\/index.php\/wp-json\/wp\/v2\/pages\/10535","targetHints":{"allow":["GET"]}}],"collection":[{"href":"https:\/\/archathle.eu\/index.php\/wp-json\/wp\/v2\/pages"}],"about":[{"href":"https:\/\/archathle.eu\/index.php\/wp-json\/wp\/v2\/types\/page"}],"author":[{"embeddable":true,"href":"https:\/\/archathle.eu\/index.php\/wp-json\/wp\/v2\/users\/1"}],"replies":[{"embeddable":true,"href":"https:\/\/archathle.eu\/index.php\/wp-json\/wp\/v2\/comments?post=10535"}],"version-history":[{"count":4,"href":"https:\/\/archathle.eu\/index.php\/wp-json\/wp\/v2\/pages\/10535\/revisions"}],"predecessor-version":[{"id":10545,"href":"https:\/\/archathle.eu\/index.php\/wp-json\/wp\/v2\/pages\/10535\/revisions\/10545"}],"wp:attachment":[{"href":"https:\/\/archathle.eu\/index.php\/wp-json\/wp\/v2\/media?parent=10535"}],"curies":[{"name":"wp","href":"https:\/\/api.w.org\/{rel}","templated":true}]}}