{"id":10539,"date":"2026-01-27T19:49:26","date_gmt":"2026-01-27T18:49:26","guid":{"rendered":"https:\/\/archathle.ovh\/?page_id=10539"},"modified":"2026-01-27T19:55:36","modified_gmt":"2026-01-27T18:55:36","slug":"descente-de-la-lesse-2022","status":"publish","type":"page","link":"https:\/\/archathle.eu\/index.php\/descente-de-la-lesse-2022\/","title":{"rendered":"Descente de la Lesse 2022"},"content":{"rendered":"\t\t<div data-elementor-type=\"wp-page\" data-elementor-id=\"10539\" class=\"elementor elementor-10539\">\n\t\t\t\t<div class=\"elementor-element elementor-element-32de261d e-flex e-con-boxed e-con e-parent\" data-id=\"32de261d\" data-element_type=\"container\" data-e-type=\"container\">\n\t\t\t\t\t<div class=\"e-con-inner\">\n\t\t\t\t<div class=\"elementor-element elementor-element-7c1b247 elementor-widget elementor-widget-text-editor\" data-id=\"7c1b247\" data-element_type=\"widget\" data-e-type=\"widget\" data-widget_type=\"text-editor.default\">\n\t\t\t\t<div class=\"elementor-widget-container\">\n\t\t\t\t\t\t\t\t\t<div itemprop=\"articleBody\">\n\n  <h2 itemprop=\"name\"\n      style=\"font-size:22px;\n             text-align:center;\n             font-weight:500;\n             line-height:1.2;\n             color:#dedede;\n             margin:6px 0;\n             background-color:#152439;\">\n    <a href=\"https:\/\/www.archathle.eu\/index.php\/16-news\/941-pas-de-stress-infos-et-qr-code-bientot\"\n       itemprop=\"url\"\n       style=\"color:#ffffff; text-decoration:none;\">\n      Merci \u00e0 tous pour vos 937 participations \u00e0 La Descente de la Lesse 2022\n    <\/a>\n  <\/h2>\n\n  <h2 style=\"text-align:center; font-size:18pt;\">\n    Victoires de <strong>Daniel Fagi<\/strong> et <strong>Am\u00e9lie Bihain<\/strong> sur la <strong>TOP<\/strong><br>\n    et de <strong>Joachim Libois<\/strong> et <strong>Corentine Franckart<\/strong> sur la <strong>Douce<\/strong>.\n  <\/h2>\n\n  <h2 style=\"text-align:center; font-size:18pt;\">\n    \ud83d\udcf8\n    <a href=\"https:\/\/www.flickr.com\/photos\/145090962@N07\/albums\"\n       target=\"_blank\"\n       rel=\"noopener\"\n       style=\"color:#99cc00;\">\n      Voir les photos d\u2019Albert Del Forno\n    <\/a>\n  <\/h2>\n\n  <h2 style=\"text-align:center; font-size:18pt;\">\n    \ud83d\udcfa\n    <a href=\"https:\/\/www.matele.be\/daniel-fagi-remporte-le-21-km-de-la-descente-de-la-lesse\"\n       target=\"_blank\"\n       rel=\"noopener\"\n       style=\"color:#99cc00;\">\n      Le reportage de Ma T\u00e9l\u00e9\n    <\/a>\n  <\/h2>\n\n  <h2 style=\"text-align:center; font-size:18pt;\">\n    \ud83d\udcca\n    <a href=\"https:\/\/www.chronorace.be\/Classements\/ListeRapports.aspx?eventId=2153071400457218\"\n       target=\"_blank\"\n       rel=\"noopener\"\n       style=\"color:#99cc00;\">\n      Consulter les r\u00e9sultats\n    <\/a>\n  <\/h2>\n\n<\/div>\n\t\t\t\t\t\t\t\t<\/div>\n\t\t\t\t<\/div>\n\t\t\t\t\t<\/div>\n\t\t\t\t<\/div>\n\t\t\t\t<\/div>\n\t\t","protected":false},"excerpt":{"rendered":"<p>Merci \u00e0 tous pour vos 937 participations \u00e0 La Descente de la Lesse 2022 Victoires de Daniel Fagi et Am\u00e9lie Bihain sur la TOP et de Joachim Libois et Corentine Franckart sur la Douce. \ud83d\udcf8 Voir les photos d\u2019Albert Del Forno \ud83d\udcfa Le reportage de Ma T\u00e9l\u00e9 \ud83d\udcca Consulter les r\u00e9sultats<\/p>\n","protected":false},"author":1,"featured_media":0,"parent":0,"menu_order":0,"comment_status":"closed","ping_status":"closed","template":"","meta":{"footnotes":""},"class_list":["post-10539","page","type-page","status-publish","hentry"],"_links":{"self":[{"href":"https:\/\/archathle.eu\/index.php\/wp-json\/wp\/v2\/pages\/10539","targetHints":{"allow":["GET"]}}],"collection":[{"href":"https:\/\/archathle.eu\/index.php\/wp-json\/wp\/v2\/pages"}],"about":[{"href":"https:\/\/archathle.eu\/index.php\/wp-json\/wp\/v2\/types\/page"}],"author":[{"embeddable":true,"href":"https:\/\/archathle.eu\/index.php\/wp-json\/wp\/v2\/users\/1"}],"replies":[{"embeddable":true,"href":"https:\/\/archathle.eu\/index.php\/wp-json\/wp\/v2\/comments?post=10539"}],"version-history":[{"count":10,"href":"https:\/\/archathle.eu\/index.php\/wp-json\/wp\/v2\/pages\/10539\/revisions"}],"predecessor-version":[{"id":10557,"href":"https:\/\/archathle.eu\/index.php\/wp-json\/wp\/v2\/pages\/10539\/revisions\/10557"}],"wp:attachment":[{"href":"https:\/\/archathle.eu\/index.php\/wp-json\/wp\/v2\/media?parent=10539"}],"curies":[{"name":"wp","href":"https:\/\/api.w.org\/{rel}","templated":true}]}}