{"id":10933,"date":"2026-02-06T11:49:17","date_gmt":"2026-02-06T10:49:17","guid":{"rendered":"https:\/\/archathle.ovh\/?page_id=10933"},"modified":"2026-03-24T11:09:48","modified_gmt":"2026-03-24T10:09:48","slug":"liens-interessants","status":"publish","type":"page","link":"https:\/\/archathle.eu\/index.php\/liens-interessants\/","title":{"rendered":"Liens int\u00e9ressants"},"content":{"rendered":"\t\t<div data-elementor-type=\"wp-page\" data-elementor-id=\"10933\" class=\"elementor elementor-10933\">\n\t\t\t\t<div class=\"elementor-element elementor-element-d1aa1b9 e-flex e-con-boxed e-con e-parent\" data-id=\"d1aa1b9\" data-element_type=\"container\" data-e-type=\"container\">\n\t\t\t\t\t<div class=\"e-con-inner\">\n\t\t\t\t<div class=\"elementor-element elementor-element-86d3dd5 elementor-widget elementor-widget-text-editor\" data-id=\"86d3dd5\" data-element_type=\"widget\" data-e-type=\"widget\" data-widget_type=\"text-editor.default\">\n\t\t\t\t<div class=\"elementor-widget-container\">\n\t\t\t\t\t\t\t\t\t<ul><li><a href=\"https:\/\/athle4you.be\/\">Athle for you Comit\u00e9 provincial<\/a><\/li><li><span style=\"text-decoration: underline;\"><a href=\"https:\/\/www.lbfa.be\/uploads\/pdf\/2026\/Calendrier_federal_ete_2026_110226.pdf\">Calendrier f\u00e9d\u00e9ral d&rsquo;\u00e9t\u00e9 2026<\/a><\/span><\/li><li><strong><span style=\"text-decoration: underline;\">\u00a0<a href=\"http:\/\/www.lbfa.be\/web\/\">LBFA<\/a><\/span> <\/strong><\/li><li><strong>\u00a0<span style=\"text-decoration: underline;\"><a href=\"http:\/\/www.challenge-delhalle.be\/\">Challenge Delhalle<\/a><\/span> <\/strong><\/li><li><strong>\u00a0<span style=\"text-decoration: underline;\"><a href=\"http:\/\/www.val.be\/\">VAL Vlaamse Atletiek Liga<\/a><\/span> <\/strong><\/li><li><strong>\u00a0<span style=\"text-decoration: underline;\">OCAN Andenne<\/span> <\/strong><\/li><li><strong>\u00a0<span style=\"text-decoration: underline;\"><a href=\"http:\/\/smac-namur.be\/\">SMAC Namur<\/a><\/span> <\/strong><\/li><li><strong>\u00a0<span style=\"text-decoration: underline;\">AC Couvin<\/span>\u00a0<\/strong><\/li><li><strong> Cross Cup <\/strong><\/li><li><strong><span style=\"text-decoration: underline;\">\u00a0<a href=\"https:\/\/www.matele.be\/homepage\">Ma T\u00e9l\u00e9<\/a><\/span> <\/strong><\/li><li><strong>\u00a0<span style=\"text-decoration: underline;\">Chronorace<\/span> <\/strong><\/li><li><strong>\u00a0<span style=\"text-decoration: underline;\"><a href=\"http:\/\/www.sport-adeps.be\/\">ADEPS<\/a><\/span> <\/strong><\/li><li><span style=\"text-decoration: underline;\"><strong>\u00a0<\/strong><a href=\"https:\/\/www.beathletics.be\/home\"><strong>Be Athletics<\/strong><\/a><\/span><\/li><\/ul>\t\t\t\t\t\t\t\t<\/div>\n\t\t\t\t<\/div>\n\t\t\t\t\t<\/div>\n\t\t\t\t<\/div>\n\t\t\t\t<\/div>\n\t\t","protected":false},"excerpt":{"rendered":"<p>Athle for you Comit\u00e9 provincial Calendrier f\u00e9d\u00e9ral d&rsquo;\u00e9t\u00e9 2026 \u00a0LBFA \u00a0Challenge Delhalle \u00a0VAL Vlaamse Atletiek Liga \u00a0OCAN Andenne \u00a0SMAC Namur \u00a0AC Couvin\u00a0 Cross Cup \u00a0Ma T\u00e9l\u00e9 \u00a0Chronorace \u00a0ADEPS \u00a0Be Athletics<\/p>\n","protected":false},"author":1,"featured_media":0,"parent":0,"menu_order":0,"comment_status":"closed","ping_status":"closed","template":"","meta":{"footnotes":""},"class_list":["post-10933","page","type-page","status-publish","hentry"],"_links":{"self":[{"href":"https:\/\/archathle.eu\/index.php\/wp-json\/wp\/v2\/pages\/10933","targetHints":{"allow":["GET"]}}],"collection":[{"href":"https:\/\/archathle.eu\/index.php\/wp-json\/wp\/v2\/pages"}],"about":[{"href":"https:\/\/archathle.eu\/index.php\/wp-json\/wp\/v2\/types\/page"}],"author":[{"embeddable":true,"href":"https:\/\/archathle.eu\/index.php\/wp-json\/wp\/v2\/users\/1"}],"replies":[{"embeddable":true,"href":"https:\/\/archathle.eu\/index.php\/wp-json\/wp\/v2\/comments?post=10933"}],"version-history":[{"count":31,"href":"https:\/\/archathle.eu\/index.php\/wp-json\/wp\/v2\/pages\/10933\/revisions"}],"predecessor-version":[{"id":11634,"href":"https:\/\/archathle.eu\/index.php\/wp-json\/wp\/v2\/pages\/10933\/revisions\/11634"}],"wp:attachment":[{"href":"https:\/\/archathle.eu\/index.php\/wp-json\/wp\/v2\/media?parent=10933"}],"curies":[{"name":"wp","href":"https:\/\/api.w.org\/{rel}","templated":true}]}}