{"id":2506,"date":"2023-05-26T10:49:59","date_gmt":"2023-05-26T10:49:59","guid":{"rendered":"https:\/\/trekon.qodeinteractive.com\/?page_id=2506"},"modified":"2026-03-09T18:33:12","modified_gmt":"2026-03-09T17:33:12","slug":"entrainements","status":"publish","type":"page","link":"https:\/\/archathle.eu\/index.php\/entrainements\/","title":{"rendered":"Entra\u00eenements"},"content":{"rendered":"\t\t<div data-elementor-type=\"wp-page\" data-elementor-id=\"2506\" class=\"elementor elementor-2506\">\n\t\t\t\t<div class=\"elementor-element elementor-element-5056267 e-con-full e-flex e-con e-parent\" data-id=\"5056267\" data-element_type=\"container\" data-e-type=\"container\" data-settings=\"{&quot;background_background&quot;:&quot;gradient&quot;}\">\n\t\t\t\t<div class=\"elementor-element elementor-element-b52f50f elementor-widget elementor-widget-heading\" data-id=\"b52f50f\" data-element_type=\"widget\" data-e-type=\"widget\" data-widget_type=\"heading.default\">\n\t\t\t\t<div class=\"elementor-widget-container\">\n\t\t\t\t\t<h4 class=\"elementor-heading-title elementor-size-default\">Installations Vill'ARCH :\u00a0<\/h4>\t\t\t\t<\/div>\n\t\t\t\t<\/div>\n\t\t\t\t<div class=\"elementor-element elementor-element-832b6a2 elementor-widget elementor-widget-heading\" data-id=\"832b6a2\" data-element_type=\"widget\" data-e-type=\"widget\" data-widget_type=\"heading.default\">\n\t\t\t\t<div class=\"elementor-widget-container\">\n\t\t\t\t\t<h5 class=\"elementor-heading-title elementor-size-default\">Complexe de Rebompr\u00e9 17 chemin de Rebompr\u00e9 <\/h5>\t\t\t\t<\/div>\n\t\t\t\t<\/div>\n\t\t\t\t<div class=\"elementor-element elementor-element-cb5e9f2 elementor-widget elementor-widget-heading\" data-id=\"cb5e9f2\" data-element_type=\"widget\" data-e-type=\"widget\" data-widget_type=\"heading.default\">\n\t\t\t\t<div class=\"elementor-widget-container\">\n\t\t\t\t\t<h5 class=\"elementor-heading-title elementor-size-default\">Hall des sports Institut St Joseph entr\u00e9e rue Courtejoie 5590 Ciney<\/h5>\t\t\t\t<\/div>\n\t\t\t\t<\/div>\n\t\t\t\t<\/div>\n\t\t<div class=\"elementor-element elementor-element-ddaacb4 e-grid e-con-boxed e-con e-parent\" data-id=\"ddaacb4\" data-element_type=\"container\" data-e-type=\"container\">\n\t\t\t\t\t<div class=\"e-con-inner\">\n\t\t\t\t<div class=\"elementor-element elementor-element-96704a0 elementor-widget elementor-widget-text-editor\" data-id=\"96704a0\" data-element_type=\"widget\" data-e-type=\"widget\" data-widget_type=\"text-editor.default\">\n\t\t\t\t<div class=\"elementor-widget-container\">\n\t\t\t\t\t\t\t\t\t<h3>Minimes (11\u201312 ans)<\/h3><ul><li><strong>Demi-fond<\/strong> : mardi &amp; jeudi \u00e0 <strong>18h30<\/strong> (<span lang=\"EN-US\">Sandra Antenucci &#8211; Jean-Michel Paulus<\/span>)<\/li><li><strong>Sprint<\/strong> : mercredi \u00e0 <strong>18h30<\/strong> (Pierre Romedenne et Eric Pierard)<\/li><li><strong>Sauts<\/strong> : mercredi \u00e0 <strong>18h30<\/strong> (Fr\u00e9d\u00e9ric Labar)<\/li><li><strong>Samedi<\/strong> \u00e0 <strong>10h<\/strong> <strong>d\u00e8s la mi-octobre<\/strong> (minimes &amp; cadets)<\/li><\/ul>\t\t\t\t\t\t\t\t<\/div>\n\t\t\t\t<\/div>\n\t\t\t\t<div class=\"elementor-element elementor-element-80a6e6f elementor-widget elementor-widget-text-editor\" data-id=\"80a6e6f\" data-element_type=\"widget\" data-e-type=\"widget\" data-widget_type=\"text-editor.default\">\n\t\t\t\t<div class=\"elementor-widget-container\">\n\t\t\t\t\t\t\t\t\t<h3>Benjamin(e)s &amp; pupilles (7-10 ans)<\/h3><ul><li><strong>Mercredi de 17h \u00e0 18h30<\/strong> (hors cong\u00e9s scolaires),<br \/><strong>au stade<\/strong> ou <strong>\u00e0 la salle de St-Joseph (en hiver) : Anne <\/strong>Romedenne et Jean-Michel Paulus<\/li><\/ul>\t\t\t\t\t\t\t\t<\/div>\n\t\t\t\t<\/div>\n\t\t\t\t\t<\/div>\n\t\t\t\t<\/div>\n\t\t<div class=\"elementor-element elementor-element-70af658 e-flex e-con-boxed e-con e-parent\" data-id=\"70af658\" data-element_type=\"container\" data-e-type=\"container\">\n\t\t\t\t\t<div class=\"e-con-inner\">\n\t\t\t\t<div class=\"elementor-element elementor-element-963c588 elementor-widget elementor-widget-text-editor\" data-id=\"963c588\" data-element_type=\"widget\" data-e-type=\"widget\" data-widget_type=\"text-editor.default\">\n\t\t\t\t<div class=\"elementor-widget-container\">\n\t\t\t\t\t\t\t\t\t<h3>Athl\u00e8tes \u00e0 partir de 13 ans (d\u00e8s cadet\u00b7te\u00b7s)<\/h3><table style=\"width: 100%; border-collapse: collapse; text-align: left;\"><thead><tr style=\"background-color: #f2f2f2;\"><th style=\"border: 1px solid #ccc; padding: 10px;\">Groupe<\/th><th style=\"border: 1px solid #ccc; padding: 10px;\">Jours &amp; heures<\/th><th style=\"border: 1px solid #ccc; padding: 10px;\">Coach \/ contact<\/th><\/tr><\/thead><tbody><tr><td style=\"border: 1px solid #ccc; padding: 10px;\"><strong>Demi-fond (jeunes ados)<\/strong><\/td><td style=\"border: 1px solid #ccc; padding: 10px;\">Mardi &amp; jeudi \u2013 <strong>18h30<\/strong><\/td><td style=\"border: 1px solid #ccc; padding: 10px;\"><span lang=\"EN-US\">Sandra Antenucci &#8211; Jean-Michel Paulus<\/span><\/td><\/tr><tr><td style=\"border: 1px solid #ccc; padding: 10px;\"><strong>Demi-fond (adultes)<\/strong><\/td><td style=\"border: 1px solid #ccc; padding: 10px;\">Mardi &amp; jeudi \u2013 <strong>18h30<\/strong><\/td><td style=\"border: 1px solid #ccc; padding: 10px;\">Thierry Faveaux<\/td><\/tr><tr><td style=\"border: 1px solid #ccc; padding: 10px;\"><strong>Sprint<\/strong><\/td><td style=\"border: 1px solid #ccc; padding: 10px;\">Mercredi &amp; vendredi \u2013 <strong>18h30<\/strong><\/td><td style=\"border: 1px solid #ccc; padding: 10px;\">Pierre Romedenne &amp; Eric Pierard<\/td><\/tr><tr><td style=\"border: 1px solid #ccc; padding: 10px;\"><strong>Sauts<\/strong><\/td><td style=\"border: 1px solid #ccc; padding: 10px;\">Mercredi \u2013 <strong>18h30<\/strong><\/td><td style=\"border: 1px solid #ccc; padding: 10px;\">Fr\u00e9d\u00e9ric Labar<\/td><\/tr><tr><td style=\"border: 1px solid #ccc; padding: 10px;\"><strong>Lancers<\/strong><\/td><td style=\"border: 1px solid #ccc; padding: 10px;\">Jeudi \u2013 <strong>18h30<\/strong><\/td><td style=\"border: 1px solid #ccc; padding: 10px;\">Philippe Bernard<\/td><\/tr><\/tbody><\/table><h4 style=\"margin-top: 10px; text-align: center;\">\ud83d\udce9 Pour toute question : Fr\u00e9d\u00e9ric Labar, directeur sportif : fred.labar@hotmail.com<\/h4>\t\t\t\t\t\t\t\t<\/div>\n\t\t\t\t<\/div>\n\t\t\t\t\t<\/div>\n\t\t\t\t<\/div>\n\t\t<div class=\"elementor-element elementor-element-1faceb3 e-grid e-con-boxed e-con e-parent\" data-id=\"1faceb3\" data-element_type=\"container\" data-e-type=\"container\">\n\t\t\t\t\t<div class=\"e-con-inner\">\n\t\t\t\t<div class=\"elementor-element elementor-element-bf5195d elementor-widget elementor-widget-text-editor\" data-id=\"bf5195d\" data-element_type=\"widget\" data-e-type=\"widget\" data-widget_type=\"text-editor.default\">\n\t\t\t\t<div class=\"elementor-widget-container\">\n\t\t\t\t\t\t\t\t\t<p><img fetchpriority=\"high\" decoding=\"async\" class=\"alignnone wp-image-9818\" src=\"http:\/\/archathle.ovh\/wp-content\/uploads\/2026\/01\/sprint-300x169.jpg\" alt=\"\" width=\"451\" height=\"254\" srcset=\"https:\/\/archathle.eu\/wp-content\/uploads\/2026\/01\/sprint-300x169.jpg 300w, https:\/\/archathle.eu\/wp-content\/uploads\/2026\/01\/sprint.jpg 720w\" sizes=\"(max-width: 451px) 100vw, 451px\" \/><\/p><h3>Sprint<\/h3><div class=\"elementor-widget-container\"><h4 class=\"elementor-heading-title elementor-size-default\">100 &#8211; 200 &#8211; 400 &#8211; haies<\/h4><h5>Mercredi de 18h30 \u00e0 19h45 <br \/>(\u00e0 partir de 12 ans)<\/h5><h5>Vendredi de 18h30 \u00e0 19h45 <br \/>(pour les 12 &#8211; 15 ans)<\/h5><\/div>\t\t\t\t\t\t\t\t<\/div>\n\t\t\t\t<\/div>\n\t\t\t\t<div class=\"elementor-element elementor-element-03304da elementor-widget elementor-widget-text-editor\" data-id=\"03304da\" data-element_type=\"widget\" data-e-type=\"widget\" data-widget_type=\"text-editor.default\">\n\t\t\t\t<div class=\"elementor-widget-container\">\n\t\t\t\t\t\t\t\t\t<p><img decoding=\"async\" class=\"alignnone  wp-image-9817\" src=\"http:\/\/archathle.ovh\/wp-content\/uploads\/2026\/01\/saurt-300x169.jpg\" alt=\"\" width=\"370\" height=\"208\" srcset=\"https:\/\/archathle.eu\/wp-content\/uploads\/2026\/01\/saurt-300x169.jpg 300w, https:\/\/archathle.eu\/wp-content\/uploads\/2026\/01\/saurt.jpg 720w\" sizes=\"(max-width: 370px) 100vw, 370px\" \/><\/p><h3>Sauts<\/h3><div class=\"elementor-widget-container\"><div class=\"elementor-widget-container\"><h4 class=\"elementor-heading-title elementor-size-default\">Hauteur, longueur, triple saut, perche<\/h4><h5>Mercredi de 18h30 \u00e0 20h00 (\u00e0 partir de 12 ans)<\/h5><\/div><\/div>\t\t\t\t\t\t\t\t<\/div>\n\t\t\t\t<\/div>\n\t\t\t\t<div class=\"elementor-element elementor-element-1fd8f9f elementor-widget elementor-widget-text-editor\" data-id=\"1fd8f9f\" data-element_type=\"widget\" data-e-type=\"widget\" data-widget_type=\"text-editor.default\">\n\t\t\t\t<div class=\"elementor-widget-container\">\n\t\t\t\t\t\t\t\t\t<p><img decoding=\"async\" class=\"alignnone wp-image-9816\" src=\"http:\/\/archathle.ovh\/wp-content\/uploads\/2026\/01\/lancer-300x169.jpg\" alt=\"\" width=\"453\" height=\"255\" srcset=\"https:\/\/archathle.eu\/wp-content\/uploads\/2026\/01\/lancer-300x169.jpg 300w, https:\/\/archathle.eu\/wp-content\/uploads\/2026\/01\/lancer.jpg 720w\" sizes=\"(max-width: 453px) 100vw, 453px\" \/><\/p><h3>Lancers<\/h3><div class=\"elementor-widget-container\"><div class=\"elementor-widget-container\"><h4 class=\"elementor-heading-title elementor-size-default\">Disque, javelot\/balle de hockey, marteau, poids.<br \/><br \/><\/h4><div class=\"elementor-element elementor-element-a0e09e8 elementor-widget elementor-widget-heading\"><div class=\"elementor-widget-container\"><h5 class=\"elementor-heading-title elementor-size-default\">Jeudi de 18h15 \u00e0 20h (\u00e0 partir de 12 ans)<\/h5><\/div><\/div><\/div><\/div>\t\t\t\t\t\t\t\t<\/div>\n\t\t\t\t<\/div>\n\t\t\t\t<div class=\"elementor-element elementor-element-30db3fd elementor-widget elementor-widget-text-editor\" data-id=\"30db3fd\" data-element_type=\"widget\" data-e-type=\"widget\" data-widget_type=\"text-editor.default\">\n\t\t\t\t<div class=\"elementor-widget-container\">\n\t\t\t\t\t\t\t\t\t<p><img loading=\"lazy\" decoding=\"async\" class=\"alignnone wp-image-9815\" src=\"http:\/\/archathle.ovh\/wp-content\/uploads\/2026\/01\/fond-300x169.jpg\" alt=\"\" width=\"453\" height=\"255\" srcset=\"https:\/\/archathle.eu\/wp-content\/uploads\/2026\/01\/fond-300x169.jpg 300w, https:\/\/archathle.eu\/wp-content\/uploads\/2026\/01\/fond.jpg 720w\" sizes=\"(max-width: 453px) 100vw, 453px\" \/><\/p><h3>Demi-fond et fond<\/h3><div class=\"elementor-widget-container\"><div class=\"elementor-widget-container\"><h4 class=\"elementor-heading-title elementor-size-default\">Du 800m au marathon, cross, jogging, trail<br \/><br \/><\/h4><div class=\"elementor-element elementor-element-f9b5bd4 elementor-widget elementor-widget-heading\"><div class=\"elementor-widget-container\"><p class=\"elementor-heading-title elementor-size-default\">Mardi et jeudi de 18h30 \u00e0 20h00 (\u00e0 partir de 12 ans)<\/p><\/div><\/div><\/div><\/div>\t\t\t\t\t\t\t\t<\/div>\n\t\t\t\t<\/div>\n\t\t\t\t<div class=\"elementor-element elementor-element-177621b elementor-widget elementor-widget-text-editor\" data-id=\"177621b\" data-element_type=\"widget\" data-e-type=\"widget\" data-widget_type=\"text-editor.default\">\n\t\t\t\t<div class=\"elementor-widget-container\">\n\t\t\t\t\t\t\t\t\t<p><img loading=\"lazy\" decoding=\"async\" class=\"alignnone wp-image-9814\" src=\"http:\/\/archathle.ovh\/wp-content\/uploads\/2026\/01\/ecole-300x169.jpg\" alt=\"\" width=\"453\" height=\"255\" srcset=\"https:\/\/archathle.eu\/wp-content\/uploads\/2026\/01\/ecole-300x169.jpg 300w, https:\/\/archathle.eu\/wp-content\/uploads\/2026\/01\/ecole.jpg 720w\" sizes=\"(max-width: 453px) 100vw, 453px\" \/><\/p><h3>Ecole des jeunes<\/h3><div class=\"elementor-widget-container\">D\u00e9couverte et initiation aux disciplines (vitesse, endurance, sauts, lancers)<br \/>exercices \u00e9ducatifs, coordination et r\u00e8gles de comp\u00e9tition<\/div><h5>Mercredi de 16h45 \u00e0 18h30 (7 \u00e0 10 ans)<\/h5>\t\t\t\t\t\t\t\t<\/div>\n\t\t\t\t<\/div>\n\t\t\t\t\t<\/div>\n\t\t\t\t<\/div>\n\t\t\t\t<\/div>\n\t\t","protected":false},"excerpt":{"rendered":"<p>Installations Vill&rsquo;ARCH :\u00a0 Complexe de Rebompr\u00e9 17 chemin de Rebompr\u00e9 Hall des sports Institut St Joseph entr\u00e9e rue Courtejoie 5590 Ciney Minimes (11\u201312 ans) Demi-fond : mardi &amp; jeudi \u00e0 18h30 (Sandra Antenucci &#8211; Jean-Michel Paulus) Sprint : mercredi \u00e0 18h30 (Pierre Romedenne et Eric Pierard) Sauts : mercredi \u00e0 18h30 (Fr\u00e9d\u00e9ric Labar) Samedi \u00e0 [&hellip;]<\/p>\n","protected":false},"author":1,"featured_media":0,"parent":0,"menu_order":0,"comment_status":"closed","ping_status":"closed","template":"page-full-width.php","meta":{"footnotes":""},"class_list":["post-2506","page","type-page","status-publish","hentry"],"_links":{"self":[{"href":"https:\/\/archathle.eu\/index.php\/wp-json\/wp\/v2\/pages\/2506","targetHints":{"allow":["GET"]}}],"collection":[{"href":"https:\/\/archathle.eu\/index.php\/wp-json\/wp\/v2\/pages"}],"about":[{"href":"https:\/\/archathle.eu\/index.php\/wp-json\/wp\/v2\/types\/page"}],"author":[{"embeddable":true,"href":"https:\/\/archathle.eu\/index.php\/wp-json\/wp\/v2\/users\/1"}],"replies":[{"embeddable":true,"href":"https:\/\/archathle.eu\/index.php\/wp-json\/wp\/v2\/comments?post=2506"}],"version-history":[{"count":199,"href":"https:\/\/archathle.eu\/index.php\/wp-json\/wp\/v2\/pages\/2506\/revisions"}],"predecessor-version":[{"id":11572,"href":"https:\/\/archathle.eu\/index.php\/wp-json\/wp\/v2\/pages\/2506\/revisions\/11572"}],"wp:attachment":[{"href":"https:\/\/archathle.eu\/index.php\/wp-json\/wp\/v2\/media?parent=2506"}],"curies":[{"name":"wp","href":"https:\/\/api.w.org\/{rel}","templated":true}]}}