{"id":3622,"date":"2023-05-29T07:54:41","date_gmt":"2023-05-29T07:54:41","guid":{"rendered":"https:\/\/trekon.qodeinteractive.com\/?page_id=3622"},"modified":"2026-02-20T13:20:00","modified_gmt":"2026-02-20T12:20:00","slug":"inscriptions","status":"publish","type":"page","link":"https:\/\/archathle.eu\/index.php\/inscriptions\/","title":{"rendered":"Inscriptions"},"content":{"rendered":"\t\t<div data-elementor-type=\"wp-page\" data-elementor-id=\"3622\" class=\"elementor elementor-3622\">\n\t\t\t\t<div class=\"elementor-element elementor-element-784d8b8 e-flex e-con-boxed e-con e-parent\" data-id=\"784d8b8\" data-element_type=\"container\" data-e-type=\"container\" data-settings=\"{&quot;background_background&quot;:&quot;gradient&quot;}\">\n\t\t\t\t\t<div class=\"e-con-inner\">\n\t\t\t\t<div class=\"elementor-element elementor-element-545aa62 elementor-widget elementor-widget-qi_addons_for_elementor_text_marquee\" data-id=\"545aa62\" data-element_type=\"widget\" data-e-type=\"widget\" data-widget_type=\"qi_addons_for_elementor_text_marquee.default\">\n\t\t\t\t<div class=\"elementor-widget-container\">\n\t\t\t\t\t<div class=\"qodef-shortcode qodef-m qodef-qi-text-marquee qodef-layout--default\">\n\t<div class=\"qodef-m-content\">\n\t\t<div class=\"qodef-m-text qodef-text--original\">\n\t\t\t\t\t\t\t<span class=\"qodef-m-text-item elementor-repeater-item-b86babf\" >INSCRIPTIONS 2025-2026 CLOTUREES <\/span>\n\t\t\t\t\t\t\t\t\t<\/div>\n\t\t<div class=\"qodef-m-text qodef-text--copy\">\n\t\t\t\t\t\t\t<span class=\"qodef-m-text-item elementor-repeater-item-b86babf\" >INSCRIPTIONS 2025-2026 CLOTUREES <\/span>\n\t\t\t\t\t\t\t\t\t<\/div>\n\t<\/div>\n<\/div>\n\t\t\t\t<\/div>\n\t\t\t\t<\/div>\n\t\t\t\t\t<\/div>\n\t\t\t\t<\/div>\n\t\t<div class=\"elementor-element elementor-element-777803c e-flex e-con-boxed e-con e-parent\" data-id=\"777803c\" data-element_type=\"container\" data-e-type=\"container\" data-settings=\"{&quot;background_background&quot;:&quot;classic&quot;}\">\n\t\t\t\t\t<div class=\"e-con-inner\">\n\t\t\t\t<div class=\"elementor-element elementor-element-c744657 elementor-widget elementor-widget-text-editor\" data-id=\"c744657\" data-element_type=\"widget\" data-e-type=\"widget\" data-widget_type=\"text-editor.default\">\n\t\t\t\t<div class=\"elementor-widget-container\">\n\t\t\t\t\t\t\t\t\t<h4 style=\"text-align: center;\">Le club vous informe que les inscriptions pour la saison <strong>2025\u20132026<\/strong> sont d\u00e9sormais <strong>compl\u00e8tes<\/strong>.<\/h4><p style=\"text-align: center;\">La limite maximale de <strong>600 membres<\/strong> ayant \u00e9t\u00e9 atteinte, <strong>aucune nouvelle affiliationne pourra \u00eatre enregistr\u00e9e<\/strong>.<\/p><p style=\"text-align: center;\">Nous remercions chaleureusement l\u2019ensemble des adh\u00e9rents pour leur confiance et leur souhaitons une <strong>excellente saison sportive au sein de l\u2019ARCH<\/strong> \ud83c\udfc3\u200d\u2642\ufe0f\ud83c\udfc3\u200d\u2640\ufe0f<\/p><p style=\"text-align: center;\">\ud83d\udce7 Pour toute question compl\u00e9mentaire, le secr\u00e9tariat reste \u00e0 votre disposition : <a href=\"mailto:emeline.secretariatarch@gmail.com\">emeline.secretariatarch@gmail.com<\/a><\/p>\t\t\t\t\t\t\t\t<\/div>\n\t\t\t\t<\/div>\n\t\t\t\t\t<\/div>\n\t\t\t\t<\/div>\n\t\t<div class=\"elementor-element elementor-element-c6701e8 e-grid e-con-boxed e-con e-parent\" data-id=\"c6701e8\" data-element_type=\"container\" data-e-type=\"container\">\n\t\t\t\t\t<div class=\"e-con-inner\">\n\t\t\t\t<div class=\"elementor-element elementor-element-fe2d178 elementor-widget elementor-widget-text-editor\" data-id=\"fe2d178\" data-element_type=\"widget\" data-e-type=\"widget\" data-widget_type=\"text-editor.default\">\n\t\t\t\t<div class=\"elementor-widget-container\">\n\t\t\t\t\t\t\t\t\t<h3>\ud83d\udcb0 Cotisations 2025\u20132026<\/h3><table style=\"width: 100%; border-collapse: collapse; text-align: left;\"><thead><tr style=\"background-color: #f2f2f2;\"><th style=\"border: 1px solid #ccc; padding: 10px;\">Membre de la famille<\/th><th style=\"border: 1px solid #ccc; padding: 10px;\">Montant annuel<\/th><\/tr><\/thead><tbody><tr><td style=\"border: 1px solid #ccc; padding: 10px;\">1er membre<\/td><td style=\"border: 1px solid #ccc; padding: 10px;\">130 \u20ac<\/td><\/tr><tr><td style=\"border: 1px solid #ccc; padding: 10px;\">2e membre<\/td><td style=\"border: 1px solid #ccc; padding: 10px;\">120 \u20ac<\/td><\/tr><tr><td style=\"border: 1px solid #ccc; padding: 10px;\">3e membre<\/td><td style=\"border: 1px solid #ccc; padding: 10px;\">110 \u20ac<\/td><\/tr><tr><td style=\"border: 1px solid #ccc; padding: 10px;\">\u00c0 partir du 4e membre<\/td><td style=\"border: 1px solid #ccc; padding: 10px;\"><strong>50 \u20ac<\/strong> par membre<\/td><\/tr><\/tbody><\/table><p style=\"margin-top: 10px;\">\u00a0<\/p>\t\t\t\t\t\t\t\t<\/div>\n\t\t\t\t<\/div>\n\t\t\t\t<div class=\"elementor-element elementor-element-f7f6f0c elementor-widget elementor-widget-text-editor\" data-id=\"f7f6f0c\" data-element_type=\"widget\" data-e-type=\"widget\" data-widget_type=\"text-editor.default\">\n\t\t\t\t<div class=\"elementor-widget-container\">\n\t\t\t\t\t\t\t\t\t<h3>\ud83d\udcc5 Informations g\u00e9n\u00e9rales<\/h3><table style=\"width: 100%; border-collapse: collapse; text-align: left;\"><tbody><tr><th style=\"border: 1px solid #ccc; padding: 10px; background-color: #f2f2f2; width: 35%;\">P\u00e9riode\u00a0<\/th><td style=\"border: 1px solid #ccc; padding: 10px;\"><p>du 1er novembre 2025<\/p><p>au 31 octobre 2026<\/p><\/td><\/tr><tr><th style=\"border: 1px solid #ccc; padding: 10px; background-color: #f2f2f2;\">Capacit\u00e9 max.<\/th><td style=\"border: 1px solid #ccc; padding: 10px;\">600 membres<\/td><\/tr><tr><th style=\"border: 1px solid #ccc; padding: 10px; background-color: #f2f2f2;\"><br \/>\u00c2ge min.\u00a0<\/th><td style=\"border: 1px solid #ccc; padding: 10px;\"><p>7 ans<\/p><p>(enfants n\u00e9s en 2018)<\/p><\/td><\/tr><\/tbody><\/table>\t\t\t\t\t\t\t\t<\/div>\n\t\t\t\t<\/div>\n\t\t\t\t\t<\/div>\n\t\t\t\t<\/div>\n\t\t<div class=\"elementor-element elementor-element-65409bf e-con-full e-flex e-con e-parent\" data-id=\"65409bf\" data-element_type=\"container\" data-e-type=\"container\">\n\t\t\t\t<div class=\"elementor-element elementor-element-eda28da elementor-widget elementor-widget-text-editor\" data-id=\"eda28da\" data-element_type=\"widget\" data-e-type=\"widget\" data-widget_type=\"text-editor.default\">\n\t\t\t\t<div class=\"elementor-widget-container\">\n\t\t\t\t\t\t\t\t\t<h4>La cotisation est un <strong>forfait annuel<\/strong> comprenant :<\/h4><ul><li>les assurances,<\/li><li>la location de la piste \u00e0 la R\u00e9gie des Sports,<\/li><li>l\u2019organisation des entra\u00eenements,<\/li><li>les conseils et l\u2019encadrement de nos coaches,<\/li><li>l\u2019acc\u00e8s aux sanitaires et vestiaires,<\/li><li>et surtout\u2026 <strong>le bonheur de faire partie d\u2019un club convivial<\/strong> \ud83d\ude00<\/li><\/ul><p>\ud83d\udca1 <em>N\u2019oubliez pas de faire compl\u00e9ter votre attestation mutuelle afin de b\u00e9n\u00e9ficier d\u2019un remboursement de <strong>40 \u20ac ou plus<\/strong>.<\/em><\/p><h3>\ud83d\udc67\ud83d\udc66 Sp\u00e9cificit\u00e9s \u2013 \u00c9cole des jeunes<\/h3><p>Afin de garantir un <strong>encadrement de qualit\u00e9<\/strong>, le nombre d\u2019enfants est limit\u00e9 \u00e0<br \/><strong>120<\/strong> (n\u00e9s en 2015, 2016, 2017 ou 2018 \u2013 cat\u00e9gories <em>pupilles<\/em> et <em>benjamins<\/em>).<\/p><h4>\ud83c\udfaf Priorit\u00e9s d\u2019inscription (du 1er au 15 ao\u00fbt)<\/h4><ol><li>Anciens membres en ordre de cotisation lors de la saison 2024\u20132025<\/li><li>Fr\u00e8res et s\u0153urs non affili\u00e9s de ces membres<\/li><li>Enfants au premier degr\u00e9 de membres du club \u00e9galement en ordre de cotisation lors de la saison pr\u00e9c\u00e9dente<\/li><\/ol><p>\u27a1\ufe0f Pass\u00e9 ce d\u00e9lai, les inscriptions seront trait\u00e9es <strong>par ordre chronologique<\/strong>.<\/p><p>\ud83d\udccd <strong>Reprise de l\u2019\u00e9cole d\u2019athl\u00e9tisme<\/strong> :<br \/>Mercredi <strong>16 septembre 2026<\/strong>, sur la piste \u2013 chemin de Rebompr\u00e9<\/p><h3>\ud83d\udcc4 Documents utiles<\/h3><p>Nous vous invitons \u00e0 lire (ou relire) attentivement :<\/p><ul><li><a href=\"https:\/\/archathle.eu\/wp-content\/uploads\/2026\/02\/brochure_INFOS_ROI_ARCH_20252026.pdf\">la brochure d\u2019informations,<\/a><\/li><li><a href=\"https:\/\/archathle.eu\/wp-content\/uploads\/administration\/2024\/brochurebienvenue20242025.pdf\">le R\u00e8glement d\u2019Ordre Int\u00e9rieur<\/a><\/li><\/ul><p>\ud83d\udce7 Pour toute question \u00e0 ce propos :<br \/><a href=\"mailto:emeline.secretariatarch@gmail.com\">emeline.secretariatarch@gmail.com<\/a><\/p><p><strong>Merci pour votre compr\u00e9hension,<\/strong><br \/>Le secr\u00e9tariat de l\u2019ARCH<\/p>\t\t\t\t\t\t\t\t<\/div>\n\t\t\t\t<\/div>\n\t\t\t\t<\/div>\n\t\t<div class=\"elementor-element elementor-element-991d25f e-flex e-con-boxed e-con e-parent\" data-id=\"991d25f\" data-element_type=\"container\" data-e-type=\"container\">\n\t\t\t\t\t<div class=\"e-con-inner\">\n\t\t\t\t\t<\/div>\n\t\t\t\t<\/div>\n\t\t\t\t<\/div>\n\t\t","protected":false},"excerpt":{"rendered":"<p>INSCRIPTIONS 2025-2026 CLOTUREES INSCRIPTIONS 2025-2026 CLOTUREES Le club vous informe que les inscriptions pour la saison 2025\u20132026 sont d\u00e9sormais compl\u00e8tes. La limite maximale de 600 membres ayant \u00e9t\u00e9 atteinte, aucune nouvelle affiliationne pourra \u00eatre enregistr\u00e9e. Nous remercions chaleureusement l\u2019ensemble des adh\u00e9rents pour leur confiance et leur souhaitons une excellente saison sportive au sein de l\u2019ARCH [&hellip;]<\/p>\n","protected":false},"author":1,"featured_media":0,"parent":0,"menu_order":0,"comment_status":"closed","ping_status":"closed","template":"page-full-width.php","meta":{"footnotes":""},"class_list":["post-3622","page","type-page","status-publish","hentry"],"_links":{"self":[{"href":"https:\/\/archathle.eu\/index.php\/wp-json\/wp\/v2\/pages\/3622","targetHints":{"allow":["GET"]}}],"collection":[{"href":"https:\/\/archathle.eu\/index.php\/wp-json\/wp\/v2\/pages"}],"about":[{"href":"https:\/\/archathle.eu\/index.php\/wp-json\/wp\/v2\/types\/page"}],"author":[{"embeddable":true,"href":"https:\/\/archathle.eu\/index.php\/wp-json\/wp\/v2\/users\/1"}],"replies":[{"embeddable":true,"href":"https:\/\/archathle.eu\/index.php\/wp-json\/wp\/v2\/comments?post=3622"}],"version-history":[{"count":127,"href":"https:\/\/archathle.eu\/index.php\/wp-json\/wp\/v2\/pages\/3622\/revisions"}],"predecessor-version":[{"id":11225,"href":"https:\/\/archathle.eu\/index.php\/wp-json\/wp\/v2\/pages\/3622\/revisions\/11225"}],"wp:attachment":[{"href":"https:\/\/archathle.eu\/index.php\/wp-json\/wp\/v2\/media?parent=3622"}],"curies":[{"name":"wp","href":"https:\/\/api.w.org\/{rel}","templated":true}]}}