{"id":8977,"date":"2025-07-31T17:14:51","date_gmt":"2025-07-31T15:14:51","guid":{"rendered":"https:\/\/archathle.ovh\/?page_id=8977"},"modified":"2026-03-30T12:32:29","modified_gmt":"2026-03-30T10:32:29","slug":"ciney-golden-series","status":"publish","type":"page","link":"https:\/\/archathle.eu\/index.php\/ciney-golden-series\/","title":{"rendered":"Ciney Golden Series"},"content":{"rendered":"\t\t<div data-elementor-type=\"wp-page\" data-elementor-id=\"8977\" class=\"elementor elementor-8977\">\n\t\t\t\t<div class=\"elementor-element elementor-element-44a3c7a e-con-full e-flex e-con e-parent\" data-id=\"44a3c7a\" data-element_type=\"container\" data-e-type=\"container\">\n\t\t\t\t<div class=\"elementor-element elementor-element-1042359 elementor-widget elementor-widget-slider_revolution\" data-id=\"1042359\" data-element_type=\"widget\" data-e-type=\"widget\" data-widget_type=\"slider_revolution.default\">\n\t\t\t\t<div class=\"elementor-widget-container\">\n\t\t\t\t\t\n\t\t<div class=\"wp-block-themepunch-revslider\">\n\t\t\t\t<p class=\"rs-p-wp-fix\"><\/p>\n\t\t\t\t<sr7-module data-alias=\"slider-2\" data-id=\"8\" id=\"SR7_8_1\" class=\"rs-ov-hidden\" data-version=\"6.7.23\">\n\t\t\t\t\t<sr7-adjuster><\/sr7-adjuster>\n\t\t\t\t\t<sr7-content>\n\t\t\t\t\t\t<sr7-slide id=\"SR7_8_1-29\" data-key=\"29\">\n\t\t\t\t\t\t\t<sr7-txt id=\"SR7_8_1-29-3\" class=\"sr7-layer\">SAMEDI<br \/>\n20 JUIN<br \/>\n2026<\/sr7-txt>\n\t\t\t\t\t\t<\/sr7-slide>\n\t\t\t\t\t\t<sr7-slide id=\"SR7_8_1-30\" data-key=\"30\">\n\t\t\t\t\t\t<\/sr7-slide>\n\t\t\t\t\t<\/sr7-content>\n\t\t\t\t\t<image_lists style=\"display:none\">\n\t\t\t\t\t\t<img data-src=\"\/\/archathle.eu\/wp-content\/uploads\/2026\/01\/Logo_CGS-scaled.jpg\" data-libid=\"10276\" data-lib=\"medialibrary\" title=\"Logo_CGS\" width=\"0\" height=\"0\" data-dbsrc=\"Ly9hcmNoYXRobGUuZXUvd3AtY29udGVudC91cGxvYWRzLzIwMjYvMDEvTG9nb19DR1Mtc2NhbGVkLmpwZw==\"\/>\n\t\t\t\t\t<\/image_lists>\n\t\t\t\t<\/sr7-module>\n\t\t\t\t<script>\n\t\t\t\t\tSR7.PMH ??={}; SR7.PMH[\"SR7_8_1\"] = {cn:100,state:false,fn: function() { if (_tpt!==undefined && _tpt.prepareModuleHeight !== undefined) {  _tpt.prepareModuleHeight({id:\"SR7_8_1\",el:[600,600,600,600,360],type:'standard',shdw:'0',gh:[600,600,600,600,360],gw:[1240,1240,1240,1240,480],vpt:['-100px&#039;,&#039;-100px&#039;,&#039;-100px&#039;,&#039;-100px&#039;,&#039;-100px'],size:{fullWidth:true, fullHeight:false},mh:'0',onh:0,onw:0,bg:{color:'{\"orig\":\"transparent\",\"type\":\"solid\",\"string\":\"transparent\"}'}});   SR7.PMH[\"SR7_8_1\"].state=true;} else if(SR7.PMH[\"SR7_8_1\"].cn-->0)\tsetTimeout( SR7.PMH[\"SR7_8_1\"].fn,19);}};SR7.PMH[\"SR7_8_1\" ].fn();\n\t\t\t\t<\/script>\n<\/div>\n\n\t\t\t\t\t\t<\/div>\n\t\t\t\t<\/div>\n\t\t\t\t<\/div>\n\t\t<div class=\"elementor-element elementor-element-f28ef8b e-flex e-con-boxed e-con e-parent\" data-id=\"f28ef8b\" data-element_type=\"container\" data-e-type=\"container\" data-settings=\"{&quot;background_background&quot;:&quot;gradient&quot;}\">\n\t\t\t\t\t<div class=\"e-con-inner\">\n\t\t\t\t<div class=\"elementor-element elementor-element-92aa341 elementor-widget elementor-widget-qi_addons_for_elementor_text_marquee\" data-id=\"92aa341\" data-element_type=\"widget\" data-e-type=\"widget\" data-widget_type=\"qi_addons_for_elementor_text_marquee.default\">\n\t\t\t\t<div class=\"elementor-widget-container\">\n\t\t\t\t\t<div class=\"qodef-shortcode qodef-m qodef-qi-text-marquee qodef-layout--default\">\n\t<div class=\"qodef-m-content\">\n\t\t<div class=\"qodef-m-text qodef-text--original\">\n\t\t\t\t\t\t\t<span class=\"qodef-m-text-item elementor-repeater-item-b86babf\" >Rendez-vous ce samedi 20 juin 2026 pour la 5\u00e8me \u00e9dition, qui s'annonce exceptionnelle ! <\/span>\n\t\t\t\t\t\t\t\t\t<\/div>\n\t\t<div class=\"qodef-m-text qodef-text--copy\">\n\t\t\t\t\t\t\t<span class=\"qodef-m-text-item elementor-repeater-item-b86babf\" >Rendez-vous ce samedi 20 juin 2026 pour la 5\u00e8me \u00e9dition, qui s'annonce exceptionnelle ! <\/span>\n\t\t\t\t\t\t\t\t\t<\/div>\n\t<\/div>\n<\/div>\n\t\t\t\t<\/div>\n\t\t\t\t<\/div>\n\t\t\t\t\t<\/div>\n\t\t\t\t<\/div>\n\t\t<div class=\"elementor-element elementor-element-0497a34 e-con-full e-flex e-con e-parent\" data-id=\"0497a34\" data-element_type=\"container\" data-e-type=\"container\">\n\t\t\t\t<div class=\"elementor-element elementor-element-d37fcba elementor-arrows-position-inside elementor-pagination-position-outside elementor-widget elementor-widget-image-carousel\" data-id=\"d37fcba\" data-element_type=\"widget\" data-e-type=\"widget\" data-settings=\"{&quot;slides_to_show&quot;:&quot;5&quot;,&quot;navigation&quot;:&quot;both&quot;,&quot;autoplay&quot;:&quot;yes&quot;,&quot;pause_on_hover&quot;:&quot;yes&quot;,&quot;pause_on_interaction&quot;:&quot;yes&quot;,&quot;autoplay_speed&quot;:5000,&quot;infinite&quot;:&quot;yes&quot;,&quot;speed&quot;:500,&quot;image_spacing_custom&quot;:{&quot;unit&quot;:&quot;px&quot;,&quot;size&quot;:20,&quot;sizes&quot;:[]},&quot;image_spacing_custom_tablet&quot;:{&quot;unit&quot;:&quot;px&quot;,&quot;size&quot;:&quot;&quot;,&quot;sizes&quot;:[]},&quot;image_spacing_custom_mobile&quot;:{&quot;unit&quot;:&quot;px&quot;,&quot;size&quot;:&quot;&quot;,&quot;sizes&quot;:[]}}\" data-widget_type=\"image-carousel.default\">\n\t\t\t\t<div class=\"elementor-widget-container\">\n\t\t\t\t\t\t\t<div class=\"elementor-image-carousel-wrapper swiper\" role=\"region\" aria-roledescription=\"carousel\" aria-label=\"Carrousel d\u2019images\" dir=\"ltr\">\n\t\t\t<div class=\"elementor-image-carousel swiper-wrapper\" aria-live=\"off\">\n\t\t\t\t\t\t\t\t<div class=\"swiper-slide\" role=\"group\" aria-roledescription=\"slide\" aria-label=\"1 sur 6\"><a data-elementor-open-lightbox=\"yes\" data-elementor-lightbox-slideshow=\"d37fcba\" data-elementor-lightbox-title=\"157A5903\" data-e-action-hash=\"#elementor-action%3Aaction%3Dlightbox%26settings%3DeyJpZCI6MTAzMDIsInVybCI6Imh0dHBzOlwvXC9hcmNoYXRobGUuZXVcL3dwLWNvbnRlbnRcL3VwbG9hZHNcLzIwMjZcLzAxXC8xNTdBNTkwMy1zY2FsZWQuanBnIiwic2xpZGVzaG93IjoiZDM3ZmNiYSJ9\" href=\"https:\/\/archathle.eu\/wp-content\/uploads\/2026\/01\/157A5903-scaled.jpg\"><figure class=\"swiper-slide-inner\"><img decoding=\"async\" class=\"swiper-slide-image\" src=\"https:\/\/archathle.eu\/wp-content\/uploads\/2026\/01\/157A5903-650x650.jpg\" alt=\"157A5903\" \/><\/figure><\/a><\/div><div class=\"swiper-slide\" role=\"group\" aria-roledescription=\"slide\" aria-label=\"2 sur 6\"><a data-elementor-open-lightbox=\"yes\" data-elementor-lightbox-slideshow=\"d37fcba\" data-elementor-lightbox-title=\"157A6042\" data-e-action-hash=\"#elementor-action%3Aaction%3Dlightbox%26settings%3DeyJpZCI6MTAzMDMsInVybCI6Imh0dHBzOlwvXC9hcmNoYXRobGUuZXVcL3dwLWNvbnRlbnRcL3VwbG9hZHNcLzIwMjZcLzAxXC8xNTdBNjA0Mi1zY2FsZWQuanBnIiwic2xpZGVzaG93IjoiZDM3ZmNiYSJ9\" href=\"https:\/\/archathle.eu\/wp-content\/uploads\/2026\/01\/157A6042-scaled.jpg\"><figure class=\"swiper-slide-inner\"><img decoding=\"async\" class=\"swiper-slide-image\" src=\"https:\/\/archathle.eu\/wp-content\/uploads\/2026\/01\/157A6042-650x650.jpg\" alt=\"157A6042\" \/><\/figure><\/a><\/div><div class=\"swiper-slide\" role=\"group\" aria-roledescription=\"slide\" aria-label=\"3 sur 6\"><a data-elementor-open-lightbox=\"yes\" data-elementor-lightbox-slideshow=\"d37fcba\" data-elementor-lightbox-title=\"157A6194\" data-e-action-hash=\"#elementor-action%3Aaction%3Dlightbox%26settings%3DeyJpZCI6MTAzMDQsInVybCI6Imh0dHBzOlwvXC9hcmNoYXRobGUuZXVcL3dwLWNvbnRlbnRcL3VwbG9hZHNcLzIwMjZcLzAxXC8xNTdBNjE5NC1zY2FsZWQuanBnIiwic2xpZGVzaG93IjoiZDM3ZmNiYSJ9\" href=\"https:\/\/archathle.eu\/wp-content\/uploads\/2026\/01\/157A6194-scaled.jpg\"><figure class=\"swiper-slide-inner\"><img decoding=\"async\" class=\"swiper-slide-image\" src=\"https:\/\/archathle.eu\/wp-content\/uploads\/2026\/01\/157A6194-650x650.jpg\" alt=\"157A6194\" \/><\/figure><\/a><\/div><div class=\"swiper-slide\" role=\"group\" aria-roledescription=\"slide\" aria-label=\"4 sur 6\"><a data-elementor-open-lightbox=\"yes\" data-elementor-lightbox-slideshow=\"d37fcba\" data-elementor-lightbox-title=\"157A6204\" data-e-action-hash=\"#elementor-action%3Aaction%3Dlightbox%26settings%3DeyJpZCI6MTAzMDUsInVybCI6Imh0dHBzOlwvXC9hcmNoYXRobGUuZXVcL3dwLWNvbnRlbnRcL3VwbG9hZHNcLzIwMjZcLzAxXC8xNTdBNjIwNC1zY2FsZWQuanBnIiwic2xpZGVzaG93IjoiZDM3ZmNiYSJ9\" href=\"https:\/\/archathle.eu\/wp-content\/uploads\/2026\/01\/157A6204-scaled.jpg\"><figure class=\"swiper-slide-inner\"><img decoding=\"async\" class=\"swiper-slide-image\" src=\"https:\/\/archathle.eu\/wp-content\/uploads\/2026\/01\/157A6204-650x650.jpg\" alt=\"157A6204\" \/><\/figure><\/a><\/div><div class=\"swiper-slide\" role=\"group\" aria-roledescription=\"slide\" aria-label=\"5 sur 6\"><a data-elementor-open-lightbox=\"yes\" data-elementor-lightbox-slideshow=\"d37fcba\" data-elementor-lightbox-title=\"157A6257\" data-e-action-hash=\"#elementor-action%3Aaction%3Dlightbox%26settings%3DeyJpZCI6MTAzMDcsInVybCI6Imh0dHBzOlwvXC9hcmNoYXRobGUuZXVcL3dwLWNvbnRlbnRcL3VwbG9hZHNcLzIwMjZcLzAxXC8xNTdBNjI1Ny1zY2FsZWQuanBnIiwic2xpZGVzaG93IjoiZDM3ZmNiYSJ9\" href=\"https:\/\/archathle.eu\/wp-content\/uploads\/2026\/01\/157A6257-scaled.jpg\"><figure class=\"swiper-slide-inner\"><img decoding=\"async\" class=\"swiper-slide-image\" src=\"https:\/\/archathle.eu\/wp-content\/uploads\/2026\/01\/157A6257-650x650.jpg\" alt=\"157A6257\" \/><\/figure><\/a><\/div><div class=\"swiper-slide\" role=\"group\" aria-roledescription=\"slide\" aria-label=\"6 sur 6\"><a data-elementor-open-lightbox=\"yes\" data-elementor-lightbox-slideshow=\"d37fcba\" data-elementor-lightbox-title=\"157A6273\" data-e-action-hash=\"#elementor-action%3Aaction%3Dlightbox%26settings%3DeyJpZCI6MTAzMDgsInVybCI6Imh0dHBzOlwvXC9hcmNoYXRobGUuZXVcL3dwLWNvbnRlbnRcL3VwbG9hZHNcLzIwMjZcLzAxXC8xNTdBNjI3My1zY2FsZWQuanBnIiwic2xpZGVzaG93IjoiZDM3ZmNiYSJ9\" href=\"https:\/\/archathle.eu\/wp-content\/uploads\/2026\/01\/157A6273-scaled.jpg\"><figure class=\"swiper-slide-inner\"><img decoding=\"async\" class=\"swiper-slide-image\" src=\"https:\/\/archathle.eu\/wp-content\/uploads\/2026\/01\/157A6273-650x650.jpg\" alt=\"157A6273\" \/><\/figure><\/a><\/div>\t\t\t<\/div>\n\t\t\t\t\t\t\t\t\t\t\t\t<div class=\"elementor-swiper-button elementor-swiper-button-prev\" role=\"button\" tabindex=\"0\">\n\t\t\t\t\t\t<svg aria-hidden=\"true\" class=\"e-font-icon-svg e-eicon-chevron-left\" viewBox=\"0 0 1000 1000\" xmlns=\"http:\/\/www.w3.org\/2000\/svg\"><path d=\"M646 125C629 125 613 133 604 142L308 442C296 454 292 471 292 487 292 504 296 521 308 533L604 854C617 867 629 875 646 875 663 875 679 871 692 858 704 846 713 829 713 812 713 796 708 779 692 767L438 487 692 225C700 217 708 204 708 187 708 171 704 154 692 142 675 129 663 125 646 125Z\"><\/path><\/svg>\t\t\t\t\t<\/div>\n\t\t\t\t\t<div class=\"elementor-swiper-button elementor-swiper-button-next\" role=\"button\" tabindex=\"0\">\n\t\t\t\t\t\t<svg aria-hidden=\"true\" class=\"e-font-icon-svg e-eicon-chevron-right\" viewBox=\"0 0 1000 1000\" xmlns=\"http:\/\/www.w3.org\/2000\/svg\"><path d=\"M696 533C708 521 713 504 713 487 713 471 708 454 696 446L400 146C388 133 375 125 354 125 338 125 325 129 313 142 300 154 292 171 292 187 292 204 296 221 308 233L563 492 304 771C292 783 288 800 288 817 288 833 296 850 308 863 321 871 338 875 354 875 371 875 388 867 400 854L696 533Z\"><\/path><\/svg>\t\t\t\t\t<\/div>\n\t\t\t\t\n\t\t\t\t\t\t\t\t\t<div class=\"swiper-pagination\"><\/div>\n\t\t\t\t\t\t\t\t\t<\/div>\n\t\t\t\t\t\t<\/div>\n\t\t\t\t<\/div>\n\t\t\t\t<\/div>\n\t\t<div class=\"elementor-element elementor-element-afbda13 e-flex e-con-boxed e-con e-parent\" data-id=\"afbda13\" data-element_type=\"container\" data-e-type=\"container\">\n\t\t\t\t\t<div class=\"e-con-inner\">\n\t\t\t\t<div class=\"elementor-element elementor-element-3ea3719 elementor-widget elementor-widget-text-editor\" data-id=\"3ea3719\" data-element_type=\"widget\" data-e-type=\"widget\" data-widget_type=\"text-editor.default\">\n\t\t\t\t<div class=\"elementor-widget-container\">\n\t\t\t\t\t\t\t\t\t<h2>CINEY GOLDEN SERIES 2025<\/h2><p>5\u00e8me \u00e9dition le samedi 20 juin, d\u00e8s 15h.<\/p><p>Meeting homologu\u00e9 World Athletics.<\/p><p>\u00a0<\/p><p><strong>Inscriptions<\/strong><\/p><p>Inscriptions sur\u00a0<em><span style=\"text-decoration: underline;\"><a href=\"https:\/\/www.athletisme.app\/wedstrijd\/main\/44820\/\" target=\"_blank\" rel=\"noopener\">Atletiek.Nu<\/a><\/span><\/em><\/p><p>Cl\u00f4ture des inscriptions le mardi 16\/06 \u00e0 18h00 ! Pas d&rsquo;inscription le jour m\u00eame.<\/p><p>6 \u20ac ou 9 \u20ac par \u00e9preuve &#8211; Gratuit pour les pupilles et minimes.<\/p><p>Entr\u00e9e spectateur\u00a0gratuite\u00a0!<\/p><p>Confirmation des pr\u00e9inscriptions minimum 1h avant le d\u00e9but de l&rsquo;\u00e9preuve (1h avant le d\u00e9but de la 1\u00e8re s\u00e9rie !!)<\/p><p>\u00a0<\/p><p><strong>Epreuves<\/strong><\/p><p>Pupilles et minimes : 1000m<\/p><p>Hommes : 100m &#8211; 200m &#8211; 1500m &#8211; 3000m\u00a0&#8211; Saut en hauteur<\/p><p>Femmes : 100m &#8211; 200m &#8211; 800m &#8211; 3000m &#8211; Triple saut<\/p><p>Li\u00e8vre dans chaque s\u00e9rie de demi-fond (800-1500-3000)<\/p><p>\u00a0<\/p><p><strong>Informations<\/strong><\/p><p>Adresse : Chemin de Rebompr\u00e9 17 &#8211; 5590 Ciney, Belgium<\/p><p>\u00a0<\/p><p>Prize money pour les 5 premier(e)s athl\u00e8tes de chaque \u00e9preuve, pas de minimas requis.<\/p><p>Prime suppl\u00e9mentaire en cas de record du meeting : 100 \u20ac<\/p><p><em><span style=\"text-decoration: underline;\"><a href=\"https:\/\/archathle.eu\/wp-content\/uploads\/2026\/03\/CGS-Horaire-provisoire-2026.pdf\" target=\"_blank\" rel=\"noopener\">Horaire provisoire 2026<\/a><\/span><\/em><\/p><p><em><span style=\"text-decoration: underline;\"><a href=\"https:\/\/archathle.eu\/wp-content\/uploads\/2026\/03\/Prize-money-2026.pdf\" target=\"_blank\" rel=\"noopener\">Prize money 2026<\/a><\/span><\/em><\/p><p>\u00a0<\/p><p>Contact et informations suppl\u00e9mentaires :<a href=\"mailto:cineygoldenseries@gmail.com\"> cineygoldenseries@gmail.com<\/a><\/p>\t\t\t\t\t\t\t\t<\/div>\n\t\t\t\t<\/div>\n\t\t\t\t<div class=\"elementor-element elementor-element-8ace153 elementor-widget elementor-widget-text-editor\" data-id=\"8ace153\" data-element_type=\"widget\" data-e-type=\"widget\" data-widget_type=\"text-editor.default\">\n\t\t\t\t<div class=\"elementor-widget-container\">\n\t\t\t\t\t\t\t\t\t<div class=\"cgs\"><div class=\"cgs-card\"><div class=\"cgs-card\"><h4 class=\"cgs-subtitle\"><img decoding=\"async\" class=\"emoji\" role=\"img\" draggable=\"false\" src=\"https:\/\/s.w.org\/images\/core\/emoji\/17.0.2\/svg\/1f5c2.svg\" alt=\"\ud83d\uddc2\ufe0f\" \/> Archives \u2013 r\u00e9sultats<\/h4><div class=\"cgs-table-wrap\" role=\"region\" aria-label=\"Archives r\u00e9sultats\"><table class=\"cgs-table\"><thead><tr><th>Ann\u00e9e<\/th><th>Document<\/th><\/tr><\/thead><tbody><tr><td>2025<\/td><td><a href=\"https:\/\/archathle.eu\/wp-content\/uploads\/athletisme\/2025\/Rsultats_sportifs.pdf\" target=\"_blank\" rel=\"noopener\">R\u00e9sultats 2025<\/a><\/td><\/tr><tr><td>2024<\/td><td><a href=\"https:\/\/archathle.eu\/wp-content\/uploads\/athletisme\/2024\/Rsultats_sportifs_2024.pdf\" target=\"_blank\" rel=\"noopener\">R\u00e9sultats 2024<\/a><\/td><\/tr><tr><td>2023<\/td><td><a href=\"https:\/\/archathle.eu\/wp-content\/uploads\/athletisme\/2024\/Rsultats_sportifs.pdf\" target=\"_blank\" rel=\"noopener\">R\u00e9sultats 2023<\/a><\/td><\/tr><tr><td>2022<\/td><td><a href=\"https:\/\/archathle.eu\/wp-content\/uploads\/athletisme\/2025\/Rsultats_CGS_2022.pdf\" target=\"_blank\" rel=\"noopener\">R\u00e9sultats 2022<\/a><\/td><\/tr><\/tbody><\/table><\/div><\/div><div class=\"cgs-card\"><h4>\u00a0<\/h4><\/div><h4 class=\"cgs-subtitle\"><img decoding=\"async\" class=\"emoji\" role=\"img\" draggable=\"false\" src=\"https:\/\/s.w.org\/images\/core\/emoji\/17.0.2\/svg\/1f4f7.svg\" alt=\"\ud83d\udcf7\" \/> Galeries photos<\/h4><div class=\"cgs-table-wrap\" role=\"region\" aria-label=\"Photos 2025\"><p><span style=\"text-decoration: underline;\">2025<\/span><\/p><table class=\"cgs-table\"><thead><tr><th>Photographe<\/th><th>Lien<\/th><\/tr><\/thead><tbody><tr><td>Enzo Legendre<\/td><td><a href=\"https:\/\/flic.kr\/s\/aHBqjCiSaZ\" target=\"_blank\" rel=\"noopener\">Ouvrir<\/a><\/td><\/tr><tr><td>Lisaaart_<\/td><td><a href=\"https:\/\/drive.google.com\/drive\/u\/0\/folders\/1lrm7T-Du7KYQW4JrMF7EOyzlOpMjWvdx?fbclid=PAQ0xDSwLJ77xleHRuA2FlbQIxMAABp2vxblI_b4h-USSMqDPfLMO9Q-eGgwUjdrghNU6Ol6iiNDCILpHHZDIWYUp4_aem_2cJIX3ZYfAKZvRpsuRNWBw\" target=\"_blank\" rel=\"noopener\">Ouvrir<\/a><\/td><\/tr><tr><td>F\u00e9lix de Thier<\/td><td><a href=\"https:\/\/photos.google.com\/share\/AF1QipNFtO7shCDbSOriida4P4qTlW8TPTqxXkR7IKpj3BtvVSDIYq_WaBnmP4t6CTlVzA?key=b0NCc2hqVWhCeV81c2ZnTDFxdE1La3Q4a0RIZlVB\" target=\"_blank\" rel=\"noopener\">Ouvrir<\/a><\/td><\/tr><tr><td>Jean-Luc Lemaire<\/td><td><a href=\"https:\/\/www.flickr.com\/photos\/145090962@N07\/albums\/72177720327284323\/\" target=\"_blank\" rel=\"noopener\">Ouvrir<\/a><\/td><\/tr><\/tbody><\/table><\/div><\/div><div class=\"cgs-card\">\u00a0<\/div><div class=\"cgs-card\"><p><span style=\"text-decoration: underline;\">2024<\/span><\/p><div class=\"cgs-table-wrap\" role=\"region\" aria-label=\"Photos 2024\"><table class=\"cgs-table\"><thead><tr><th>Photographe<\/th><th>Lien<\/th><\/tr><\/thead><tbody><tr><td>Quentin (Dropbox)<\/td><td><a href=\"https:\/\/l.facebook.com\/l.php?u=https%3A%2F%2Fwww.dropbox.com%2Fscl%2Ffo%2F13iyjg3zbpdj288ln2rxm%2FAL0DfAo9Ir0lAvzPQ-4xADs%3Frlkey%3Dajlf9ul7e29nfjx7qd5x6y7id%26st%3Dfduik2vw%26dl%3D0%26fbclid%3DIwZXh0bgNhZW0CMTAAAR0C6ZPqLJqrDAt2oLj-xJZ1Q_MM1E4To8lvBt8Ns-hTp0edV5zp9iJtPcA_aem_HsxFTTP-cjY1RHHCPToZag&amp;h=AT1488XdoHkUJv4ehsfaZ3404KXFOenNQrOcU_icvZGrBBBWzU4b5VXL_d-0Y0Fiyq01wIzZWojXAPBsoHNaYnt28d9aifIvpRot3NcpGNVqS6r54sCtm0zfiO9L8_8kWvaTj-GLlmFgWGU2sxs\" target=\"_blank\" rel=\"noopener\">Ouvrir<\/a><\/td><\/tr><tr><td>Klicks Motion<\/td><td><a href=\"https:\/\/www.flickr.com\/photos\/188642636@N05\/albums\/72177720318176978\/\" target=\"_blank\" rel=\"noopener\">Ouvrir<\/a><\/td><\/tr><tr><td>Jean-Luc Lemaire<\/td><td><a href=\"https:\/\/www.facebook.com\/media\/set\/?set=a.1020331636763772&amp;type=3\" target=\"_blank\" rel=\"noopener\">Ouvrir<\/a><\/td><\/tr><tr><td>Albert Del Forno<\/td><td><a href=\"https:\/\/www.flickr.com\/photos\/145090962@N07\/albums\/72177720318171454\" target=\"_blank\" rel=\"noopener\">Ouvrir<\/a><\/td><\/tr><tr><td>Fabienne Nicolas<\/td><td><a href=\"https:\/\/www.facebook.com\/media\/set\/?vanity=lesphotosdefabienne&amp;set=a.1241396063776738\" target=\"_blank\" rel=\"noopener\">Ouvrir<\/a><\/td><\/tr><\/tbody><\/table><\/div><\/div><\/div><p><style>\n  .cgs{max-width:900px;margin:0 auto;padding:8px 12px}<br \/>  .cgs-title{text-align:center;margin:10px 0 14px}<br \/>  .cgs-center{text-align:center}<br \/>  .cgs-btn{display:inline-block;padding:10px 14px;border-radius:10px;text-decoration:none;border:1px solid rgba(0,0,0,.15)}<br \/>  .cgs-card{border:1px solid rgba(0,0,0,.12);border-radius:14px;padding:14px;margin:14px 0}<br \/>  .cgs-subtitle{margin:0 0 10px}<br \/>  .cgs-logo{height:auto;max-width:250px}<br \/>  .cgs-table-wrap{overflow-x:auto;-webkit-overflow-scrolling:touch}<br \/>  .cgs-table{width:100%;border-collapse:collapse;min-width:520px}<br \/>  .cgs-table th,.cgs-table td{border-bottom:1px solid rgba(0,0,0,.12);padding:10px;vertical-align:top}<br \/>  .cgs-table th{text-align:left}<br \/><\/style><\/p>\t\t\t\t\t\t\t\t<\/div>\n\t\t\t\t<\/div>\n\t\t\t\t\t<\/div>\n\t\t\t\t<\/div>\n\t\t<div class=\"elementor-element elementor-element-069022d e-flex e-con-boxed e-con e-parent\" data-id=\"069022d\" data-element_type=\"container\" data-e-type=\"container\">\n\t\t\t\t\t<div class=\"e-con-inner\">\n\t\t\t\t\t<\/div>\n\t\t\t\t<\/div>\n\t\t\t\t<\/div>\n\t\t","protected":false},"excerpt":{"rendered":"<p>Rendez-vous ce samedi 20 juin 2026 pour la 5\u00e8me \u00e9dition, qui s&rsquo;annonce exceptionnelle ! Rendez-vous ce samedi 20 juin 2026 pour la 5\u00e8me \u00e9dition, qui s&rsquo;annonce exceptionnelle ! CINEY GOLDEN SERIES 2025 5\u00e8me \u00e9dition le samedi 20 juin, d\u00e8s 15h. Meeting homologu\u00e9 World Athletics. \u00a0 Inscriptions Inscriptions sur\u00a0Atletiek.Nu Cl\u00f4ture des inscriptions le mardi 16\/06 \u00e0 [&hellip;]<\/p>\n","protected":false},"author":1,"featured_media":0,"parent":0,"menu_order":0,"comment_status":"closed","ping_status":"closed","template":"page-full-width.php","meta":{"footnotes":""},"class_list":["post-8977","page","type-page","status-publish","hentry"],"_links":{"self":[{"href":"https:\/\/archathle.eu\/index.php\/wp-json\/wp\/v2\/pages\/8977","targetHints":{"allow":["GET"]}}],"collection":[{"href":"https:\/\/archathle.eu\/index.php\/wp-json\/wp\/v2\/pages"}],"about":[{"href":"https:\/\/archathle.eu\/index.php\/wp-json\/wp\/v2\/types\/page"}],"author":[{"embeddable":true,"href":"https:\/\/archathle.eu\/index.php\/wp-json\/wp\/v2\/users\/1"}],"replies":[{"embeddable":true,"href":"https:\/\/archathle.eu\/index.php\/wp-json\/wp\/v2\/comments?post=8977"}],"version-history":[{"count":76,"href":"https:\/\/archathle.eu\/index.php\/wp-json\/wp\/v2\/pages\/8977\/revisions"}],"predecessor-version":[{"id":11669,"href":"https:\/\/archathle.eu\/index.php\/wp-json\/wp\/v2\/pages\/8977\/revisions\/11669"}],"wp:attachment":[{"href":"https:\/\/archathle.eu\/index.php\/wp-json\/wp\/v2\/media?parent=8977"}],"curies":[{"name":"wp","href":"https:\/\/api.w.org\/{rel}","templated":true}]}}