{"id":9026,"date":"2025-08-01T14:22:27","date_gmt":"2025-08-01T12:22:27","guid":{"rendered":"https:\/\/archathle.ovh\/?page_id=9026"},"modified":"2026-02-21T11:56:25","modified_gmt":"2026-02-21T10:56:25","slug":"ecole-dathletisme","status":"publish","type":"page","link":"https:\/\/archathle.eu\/index.php\/ecole-dathletisme\/","title":{"rendered":"Ecole d&rsquo;athl\u00e9tisme"},"content":{"rendered":"\t\t<div data-elementor-type=\"wp-page\" data-elementor-id=\"9026\" class=\"elementor elementor-9026\">\n\t\t\t\t<div class=\"elementor-element elementor-element-f11c189 e-con-full e-flex e-con e-parent\" data-id=\"f11c189\" data-element_type=\"container\" data-e-type=\"container\" data-settings=\"{&quot;background_background&quot;:&quot;gradient&quot;}\">\n\t\t\t\t<div class=\"elementor-element elementor-element-60119d5 elementor-widget elementor-widget-heading\" data-id=\"60119d5\" data-element_type=\"widget\" data-e-type=\"widget\" data-widget_type=\"heading.default\">\n\t\t\t\t<div class=\"elementor-widget-container\">\n\t\t\t\t\t<h4 class=\"elementor-heading-title elementor-size-default\">La session 2026 -2027 d\u00e9butera le mercredi 16 septembre 2026. Ouverture des inscriptions le 1er ao\u00fbt 2026.<\/h4>\t\t\t\t<\/div>\n\t\t\t\t<\/div>\n\t\t\t\t<\/div>\n\t\t<div class=\"elementor-element elementor-element-4ffb53be e-flex e-con-boxed e-con e-parent\" data-id=\"4ffb53be\" data-element_type=\"container\" data-e-type=\"container\">\n\t\t\t\t\t<div class=\"e-con-inner\">\n\t\t\t\t<div class=\"elementor-element elementor-element-422ec1e4 elementor-widget elementor-widget-text-editor\" data-id=\"422ec1e4\" data-element_type=\"widget\" data-e-type=\"widget\" data-widget_type=\"text-editor.default\">\n\t\t\t\t<div class=\"elementor-widget-container\">\n\t\t\t\t\t\t\t\t\t\n<h4><img fetchpriority=\"high\" decoding=\"async\" class=\"alignleft wp-image-11157 \" src=\"https:\/\/archathle.eu\/wp-content\/uploads\/2026\/02\/bpmjeanmi-300x200.jpg\" alt=\"\" width=\"452\" height=\"301\" srcset=\"https:\/\/archathle.eu\/wp-content\/uploads\/2026\/02\/bpmjeanmi-300x200.jpg 300w, https:\/\/archathle.eu\/wp-content\/uploads\/2026\/02\/bpmjeanmi-1024x684.jpg 1024w, https:\/\/archathle.eu\/wp-content\/uploads\/2026\/02\/bpmjeanmi-768x513.jpg 768w, https:\/\/archathle.eu\/wp-content\/uploads\/2026\/02\/bpmjeanmi-1536x1026.jpg 1536w, https:\/\/archathle.eu\/wp-content\/uploads\/2026\/02\/bpmjeanmi.jpg 1617w\" sizes=\"(max-width: 452px) 100vw, 452px\" \/><\/h4>\n<h4><strong>Fonctionnement de l&rsquo;\u00e9cole des jeunes benjamins et pupilles<\/strong><\/h4>\n\n<p>Notre \u00e9cole des jeunes fonctionne de mi-septembre \u00e0 mi-juin, le mercredi de 17h \u00e0 18h30. Elle concerne les enfants de 7 \u00e0 10 ans. Les moniteurs les initient sous forme de jeux aux diff\u00e9rentes disciplines de l&rsquo;athl\u00e9tisme\u00a0: sprints, sauts, lancers et course d\u2019endurance.<\/p>\n\n<p>La cotisation est de 130 \u20ac (120 pour le 2\u00e8me, 110 pour le 3\u00e8me d&rsquo;une m\u00eame famille, ensuite 50 \u20ac pour les autres membres d&rsquo;une m\u00eame famille) : elle couvre les frais d&rsquo;assurance, d&rsquo;affiliation et de licence ainsi que tous frais divers durant la session.<\/p>\n\t\t\t\t\t\t\t\t<\/div>\n\t\t\t\t<\/div>\n\t\t\t\t<div class=\"elementor-element elementor-element-973f265 elementor-widget elementor-widget-text-editor\" data-id=\"973f265\" data-element_type=\"widget\" data-e-type=\"widget\" data-widget_type=\"text-editor.default\">\n\t\t\t\t<div class=\"elementor-widget-container\">\n\t\t\t\t\t\t\t\t\t\n<figure class=\"wp-block-image\"><\/figure>\n<h4><img decoding=\"async\" class=\"alignright wp-image-11158 \" src=\"https:\/\/archathle.eu\/wp-content\/uploads\/2026\/02\/saintnicolas2-300x169.jpg\" alt=\"\" width=\"501\" height=\"282\" srcset=\"https:\/\/archathle.eu\/wp-content\/uploads\/2026\/02\/saintnicolas2-300x169.jpg 300w, https:\/\/archathle.eu\/wp-content\/uploads\/2026\/02\/saintnicolas2-1024x578.jpg 1024w, https:\/\/archathle.eu\/wp-content\/uploads\/2026\/02\/saintnicolas2-768x433.jpg 768w, https:\/\/archathle.eu\/wp-content\/uploads\/2026\/02\/saintnicolas2-1536x866.jpg 1536w, https:\/\/archathle.eu\/wp-content\/uploads\/2026\/02\/saintnicolas2-2048x1155.jpg 2048w\" sizes=\"(max-width: 501px) 100vw, 501px\" \/><\/h4>\n<h4>Equipement<\/h4>\n<p>Les frais d&rsquo;\u00e9quipement sont \u00e0 votre charge soit t-shirt, short et\/ou collant\/pantalon de training, sweatshirt et coupe-vent kway, chaussures de sport running\/jogging.<\/p>\n<p>Le maillot du club peut \u00eatre achet\u00e9 au prix de 30 \u20ac aupr\u00e8s de Georgette Lambotte GSM 0474 719701.<\/p>\n\t\t\t\t\t\t\t\t<\/div>\n\t\t\t\t<\/div>\n\t\t\t\t\t<\/div>\n\t\t\t\t<\/div>\n\t\t\t\t<\/div>\n\t\t","protected":false},"excerpt":{"rendered":"<p>La session 2026 -2027 d\u00e9butera le mercredi 16 septembre 2026. Ouverture des inscriptions le 1er ao\u00fbt 2026. Fonctionnement de l&rsquo;\u00e9cole des jeunes benjamins et pupilles Notre \u00e9cole des jeunes fonctionne de mi-septembre \u00e0 mi-juin, le mercredi de 17h \u00e0 18h30. Elle concerne les enfants de 7 \u00e0 10 ans. Les moniteurs les initient sous forme [&hellip;]<\/p>\n","protected":false},"author":1,"featured_media":8944,"parent":0,"menu_order":0,"comment_status":"closed","ping_status":"closed","template":"page-full-width.php","meta":{"footnotes":""},"class_list":["post-9026","page","type-page","status-publish","has-post-thumbnail","hentry"],"_links":{"self":[{"href":"https:\/\/archathle.eu\/index.php\/wp-json\/wp\/v2\/pages\/9026","targetHints":{"allow":["GET"]}}],"collection":[{"href":"https:\/\/archathle.eu\/index.php\/wp-json\/wp\/v2\/pages"}],"about":[{"href":"https:\/\/archathle.eu\/index.php\/wp-json\/wp\/v2\/types\/page"}],"author":[{"embeddable":true,"href":"https:\/\/archathle.eu\/index.php\/wp-json\/wp\/v2\/users\/1"}],"replies":[{"embeddable":true,"href":"https:\/\/archathle.eu\/index.php\/wp-json\/wp\/v2\/comments?post=9026"}],"version-history":[{"count":32,"href":"https:\/\/archathle.eu\/index.php\/wp-json\/wp\/v2\/pages\/9026\/revisions"}],"predecessor-version":[{"id":11253,"href":"https:\/\/archathle.eu\/index.php\/wp-json\/wp\/v2\/pages\/9026\/revisions\/11253"}],"wp:featuredmedia":[{"embeddable":true,"href":"https:\/\/archathle.eu\/index.php\/wp-json\/wp\/v2\/media\/8944"}],"wp:attachment":[{"href":"https:\/\/archathle.eu\/index.php\/wp-json\/wp\/v2\/media?parent=9026"}],"curies":[{"name":"wp","href":"https:\/\/api.w.org\/{rel}","templated":true}]}}