{"id":9062,"date":"2025-08-20T15:34:16","date_gmt":"2025-08-20T13:34:16","guid":{"rendered":"https:\/\/archathle.ovh\/?page_id=9062"},"modified":"2026-04-03T16:34:54","modified_gmt":"2026-04-03T14:34:54","slug":"performances-et-records","status":"publish","type":"page","link":"https:\/\/archathle.eu\/index.php\/performances-et-records\/","title":{"rendered":"Performances et records"},"content":{"rendered":"\t\t<div data-elementor-type=\"wp-page\" data-elementor-id=\"9062\" class=\"elementor elementor-9062\">\n\t\t\t\t<div class=\"elementor-element elementor-element-587d5a9 e-con-full e-flex e-con e-parent\" data-id=\"587d5a9\" data-element_type=\"container\" data-e-type=\"container\" data-settings=\"{&quot;background_background&quot;:&quot;classic&quot;}\">\n\t\t\t\t<div class=\"elementor-element elementor-element-67cc7c9 elementor-widget elementor-widget-text-editor\" data-id=\"67cc7c9\" data-element_type=\"widget\" data-e-type=\"widget\" data-widget_type=\"text-editor.default\">\n\t\t\t\t<div class=\"elementor-widget-container\">\n\t\t\t\t\t\t\t\t\t<p class=\"meta\" style=\"text-align: center;\">Derni\u00e8re mise \u00e0 jour : <strong>1er avril 2026<\/strong><\/p><p style=\"text-align: center;\">Retrouve ici les <strong>records marquants<\/strong> du club, les <strong>Top 10<\/strong> par cat\u00e9gories,<br \/>ainsi que les <strong>meilleures performances annuelles<\/strong> (PDF) pour revivre chaque saison.<\/p>\t\t\t\t\t\t\t\t<\/div>\n\t\t\t\t<\/div>\n\t\t\t\t<\/div>\n\t\t<div class=\"elementor-element elementor-element-4e56a73 e-flex e-con-boxed e-con e-parent\" data-id=\"4e56a73\" data-element_type=\"container\" data-e-type=\"container\">\n\t\t\t\t\t<div class=\"e-con-inner\">\n\t\t\t\t<div class=\"elementor-element elementor-element-20784f7 elementor-widget elementor-widget-text-editor\" data-id=\"20784f7\" data-element_type=\"widget\" data-e-type=\"widget\" data-widget_type=\"text-editor.default\">\n\t\t\t\t<div class=\"elementor-widget-container\">\n\t\t\t\t\t\t\t\t\t<section class=\"arch-perfs\"><div class=\"hero\"><div class=\"grid\"><div class=\"card\"><h4>\ud83c\udf1f Records outdoor (toutes cat\u00e9gories)<\/h4><h3><img fetchpriority=\"high\" decoding=\"async\" class=\"aligncenter wp-image-11688\" src=\"https:\/\/archathle.eu\/wp-content\/uploads\/2026\/04\/Records-club-mars-2026-120x180-1-3-bis-202x300.jpg\" alt=\"\" width=\"428\" height=\"636\" srcset=\"https:\/\/archathle.eu\/wp-content\/uploads\/2026\/04\/Records-club-mars-2026-120x180-1-3-bis-202x300.jpg 202w, https:\/\/archathle.eu\/wp-content\/uploads\/2026\/04\/Records-club-mars-2026-120x180-1-3-bis-688x1024.jpg 688w, https:\/\/archathle.eu\/wp-content\/uploads\/2026\/04\/Records-club-mars-2026-120x180-1-3-bis-768x1143.jpg 768w, https:\/\/archathle.eu\/wp-content\/uploads\/2026\/04\/Records-club-mars-2026-120x180-1-3-bis-1032x1536.jpg 1032w, https:\/\/archathle.eu\/wp-content\/uploads\/2026\/04\/Records-club-mars-2026-120x180-1-3-bis-scaled.jpg 1721w\" sizes=\"(max-width: 428px) 100vw, 428px\" \/><\/h3><h4 style=\"text-align: center;\"><a href=\"https:\/\/archathle.eu\/wp-content\/uploads\/2026\/03\/Liste_des_athletes_beneficiant_dun_suivi_federal_2026.pdf\"><span style=\"text-decoration: underline;\"><strong>Espoirs sportifs et jeunes talents LBFA<\/strong><\/span><\/a><\/h4><h5 style=\"text-align: center;\">Cl\u00e9ment Labar et Barnab\u00e9 Chiliade espoirs sportifs. Maelle Dujeux, Enzo Legendre, Lucas Barthel, Lucie Widart et Romain Palm jeunes talents.<\/h5><\/div><div class=\"card\"><h3 class=\"btn primary\">\ud83d\udcca Top 10 du club (2024)<\/h3><p>Les classements qui mettent en lumi\u00e8re les meilleures performeurs du club.<\/p><div class=\"btns\"><a class=\"btn\" href=\"https:\/\/archathle.eu\/wp-content\/uploads\/perf\/2024\/Top_10_TC_Dames_2024.pdf\" target=\"_blank\" rel=\"noopener\">TOP 10 TC Dames (2024)<\/a> <a class=\"btn\" href=\"https:\/\/archathle.eu\/wp-content\/uploads\/perf\/2024\/Top_10_TC_Hommes_2024.pdf\" target=\"_blank\" rel=\"noopener\">TOP 10 TC Hommes (2024)<\/a> <a class=\"btn\" href=\"https:\/\/archathle.eu\/wp-content\/uploads\/perf\/2024\/TOP10Masters2024.pdf\" target=\"_blank\" rel=\"noopener\">TOP 10 Master g\u00e9n\u00e9ral (2024)<\/a> <a class=\"btn\" href=\"https:\/\/archathle.eu\/wp-content\/uploads\/perf\/2024\/Top_10_par_catgorie_2024.pdf\" target=\"_blank\" rel=\"noopener\">TOP 10 d\u00e9taill\u00e9 par cat\u00e9gorie (2024)<\/a> <a class=\"btn\" href=\"https:\/\/archathle.eu\/wp-content\/uploads\/perf\/2024\/TOPMasters2024dames.pdf\" target=\"_blank\" rel=\"noopener\">TOP Masters Dames par cat\u00e9gorie (2024)<\/a> <a class=\"btn\" href=\"https:\/\/archathle.eu\/wp-content\/uploads\/perf\/2024\/TOPMasters2024hommes.pdf\" target=\"_blank\" rel=\"noopener\">TOP Masters Hommes par cat\u00e9gorie (2024)<\/a> <a class=\"btn\" href=\"https:\/\/archathle.eu\/wp-content\/uploads\/athletisme\/2025\/Top_indoor_2024.pdf\" target=\"_blank\" rel=\"noopener\">TOP Indoor (2024)<\/a><\/div><div>\u00a0<\/div><div><a href=\"https:\/\/archathle.eu\/wp-content\/uploads\/2026\/04\/TOPINDOOR20242025.pdf\">\u00a0 \u00a0TOP Indoor 2024-2025<\/a><\/div><\/div><div class=\"card\"><h3>\ud83d\udcc5 Performances annuelles<\/h3><p>Les meilleures performances du club, saison par saison (PDF).<\/p><p><a href=\"https:\/\/archathle.eu\/wp-content\/uploads\/2026\/03\/ARCH2026.pdf\">ARCH2026 <\/a><\/p><p><a href=\"https:\/\/archathle.eu\/wp-content\/uploads\/2026\/01\/ARCH2025oct.pdf\">ARCH2025oct<\/a><a class=\"btn\" href=\"https:\/\/archathle.eu\/wp-content\/uploads\/athletisme\/2025\/ARCH2024.pdf\" target=\"_blank\" rel=\"noopener\"> 2024<\/a>\u00a0<a class=\"btn\" href=\"https:\/\/archathle.eu\/wp-content\/uploads\/perf\/2023\/MPF_23.pdf\" target=\"_blank\" rel=\"noopener\">2023<\/a> <a class=\"btn\" href=\"https:\/\/archathle.eu\/wp-content\/uploads\/athletisme\/2022\/ARCH200922.pdf\" target=\"_blank\" rel=\"noopener\">2022<\/a> <a class=\"btn\" href=\"https:\/\/archathle.eu\/wp-content\/uploads\/perf\/2021\/ARCH2021ter.pdf\" target=\"_blank\" rel=\"noopener\">2021<\/a>\u00a0<a class=\"btn\" href=\"https:\/\/archathle.eu\/wp-content\/uploads\/perf\/2021\/ARCH2021ter.pdf\" target=\"_blank\" rel=\"noopener\">2020<\/a> <a class=\"btn\" href=\"https:\/\/archathle.eu\/wp-content\/uploads\/perf\/2019\/ARCH2019.pdf\" target=\"_blank\" rel=\"noopener\">2019<\/a>\u00a0<a class=\"btn\" href=\"https:\/\/archathle.eu\/wp-content\/uploads\/athletisme\/2018\/ARCH2018.pdf\" target=\"_blank\" rel=\"noopener\">2018<\/a> <a class=\"btn\" href=\"https:\/\/archathle.eu\/wp-content\/uploads\/athletisme\/2017\/ARCH2017.pdf\" target=\"_blank\" rel=\"noopener\">2017<\/a> <a class=\"btn\" href=\"https:\/\/archathle.eu\/wp-content\/uploads\/athletisme\/2016\/ARCH2016.pdf\" target=\"_blank\" rel=\"noopener\">2016<\/a> <a class=\"btn\" href=\"https:\/\/archathle.eu\/wp-content\/uploads\/perf\/2015\/ARCH2015.pdf\" target=\"_blank\" rel=\"noopener\">2015<\/a> <a class=\"btn\" href=\"https:\/\/archathle.eu\/wp-content\/uploads\/athletisme\/2014\/arch2014.pdf\" target=\"_blank\" rel=\"noopener\">2014<\/a> <a class=\"btn\" href=\"https:\/\/archathle.eu\/wp-content\/uploads\/athletisme\/2013\/arch2013.pdf\" target=\"_blank\" rel=\"noopener\">2013<\/a> <a class=\"btn\" href=\"https:\/\/archathle.eu\/wp-content\/uploads\/athletisme\/2012\/arch2012.pdf\" target=\"_blank\" rel=\"noopener\">2012<\/a> <a class=\"btn\" href=\"https:\/\/archathle.eu\/wp-content\/uploads\/perf\/arch2011.pdf\" target=\"_blank\" rel=\"noopener\">2011<\/a> <a class=\"btn\" href=\"https:\/\/archathle.eu\/wp-content\/uploads\/pdf\/arch2010.pdf\" target=\"_blank\" rel=\"noopener\">2010<\/a><\/p><\/div><div class=\"card\"><h3 class=\"btn primary\">\ud83d\udcca\u00a0Autres records<\/h3><p><a class=\"btn primary\" href=\"https:\/\/archathle.eu\/wp-content\/uploads\/athletisme\/2018\/recordsrebompre20180513.pdf\" target=\"_blank\" rel=\"noopener\">Records Stade Rebompr\u00e9 (2018)<\/a><\/p><p><a class=\"btn primary\" href=\"https:\/\/archathle.eu\/wp-content\/uploads\/perf\/2024\/recordsprovinciaux2024.pdf\" target=\"_blank\" rel=\"noopener\">Records Provinciaux (2024)<\/a><\/p><p class=\"note\">\u00a0<\/p><\/div><\/div><\/div><\/section>\t\t\t\t\t\t\t\t<\/div>\n\t\t\t\t<\/div>\n\t\t\t\t\t<\/div>\n\t\t\t\t<\/div>\n\t\t\t\t<\/div>\n\t\t","protected":false},"excerpt":{"rendered":"<p>Derni\u00e8re mise \u00e0 jour : 1er avril 2026 Retrouve ici les records marquants du club, les Top 10 par cat\u00e9gories,ainsi que les meilleures performances annuelles (PDF) pour revivre chaque saison. \ud83c\udf1f Records outdoor (toutes cat\u00e9gories) Espoirs sportifs et jeunes talents LBFA Cl\u00e9ment Labar et Barnab\u00e9 Chiliade espoirs sportifs. Maelle Dujeux, Enzo Legendre, Lucas Barthel, Lucie [&hellip;]<\/p>\n","protected":false},"author":1,"featured_media":0,"parent":0,"menu_order":0,"comment_status":"closed","ping_status":"closed","template":"page-full-width.php","meta":{"footnotes":""},"class_list":["post-9062","page","type-page","status-publish","hentry"],"_links":{"self":[{"href":"https:\/\/archathle.eu\/index.php\/wp-json\/wp\/v2\/pages\/9062","targetHints":{"allow":["GET"]}}],"collection":[{"href":"https:\/\/archathle.eu\/index.php\/wp-json\/wp\/v2\/pages"}],"about":[{"href":"https:\/\/archathle.eu\/index.php\/wp-json\/wp\/v2\/types\/page"}],"author":[{"embeddable":true,"href":"https:\/\/archathle.eu\/index.php\/wp-json\/wp\/v2\/users\/1"}],"replies":[{"embeddable":true,"href":"https:\/\/archathle.eu\/index.php\/wp-json\/wp\/v2\/comments?post=9062"}],"version-history":[{"count":136,"href":"https:\/\/archathle.eu\/index.php\/wp-json\/wp\/v2\/pages\/9062\/revisions"}],"predecessor-version":[{"id":11701,"href":"https:\/\/archathle.eu\/index.php\/wp-json\/wp\/v2\/pages\/9062\/revisions\/11701"}],"wp:attachment":[{"href":"https:\/\/archathle.eu\/index.php\/wp-json\/wp\/v2\/media?parent=9062"}],"curies":[{"name":"wp","href":"https:\/\/api.w.org\/{rel}","templated":true}]}}