{"id":9140,"date":"2025-08-21T15:00:10","date_gmt":"2025-08-21T13:00:10","guid":{"rendered":"https:\/\/archathle.ovh\/?page_id=9140"},"modified":"2026-01-28T18:05:04","modified_gmt":"2026-01-28T17:05:04","slug":"philosophie-et-valeurs","status":"publish","type":"page","link":"https:\/\/archathle.eu\/index.php\/philosophie-et-valeurs\/","title":{"rendered":"Philosophie et valeurs"},"content":{"rendered":"\t\t<div data-elementor-type=\"wp-page\" data-elementor-id=\"9140\" class=\"elementor elementor-9140\">\n\t\t\t\t<div class=\"elementor-element elementor-element-31b7bea6 e-flex e-con-boxed e-con e-parent\" data-id=\"31b7bea6\" data-element_type=\"container\" data-e-type=\"container\">\n\t\t\t\t\t<div class=\"e-con-inner\">\n\t\t\t\t<div class=\"elementor-element elementor-element-4ae6878 elementor-widget elementor-widget-text-editor\" data-id=\"4ae6878\" data-element_type=\"widget\" data-e-type=\"widget\" data-widget_type=\"text-editor.default\">\n\t\t\t\t<div class=\"elementor-widget-container\">\n\t\t\t\t\t\t\t\t\t\n<h3 class=\"wp-block-heading\">L&rsquo;objet social de l&rsquo;asbl ARCH &#8211; \u00ab\u00a0Athletic &#8211; Running &#8211; Ciney &#8211; Haute-Meuse\u00a0\u00bb<\/h3>\n<h3 class=\"wp-block-heading\"><img fetchpriority=\"high\" decoding=\"async\" class=\"alignleft wp-image-8709\" src=\"http:\/\/archathle.ovh\/wp-content\/uploads\/2025\/06\/Rentree2017-300x173.jpg\" alt=\"\" width=\"469\" height=\"270\" srcset=\"https:\/\/archathle.eu\/wp-content\/uploads\/2025\/06\/Rentree2017-300x173.jpg 300w, https:\/\/archathle.eu\/wp-content\/uploads\/2025\/06\/Rentree2017-1024x590.jpg 1024w, https:\/\/archathle.eu\/wp-content\/uploads\/2025\/06\/Rentree2017-768x443.jpg 768w, https:\/\/archathle.eu\/wp-content\/uploads\/2025\/06\/Rentree2017.jpg 1280w\" sizes=\"(max-width: 469px) 100vw, 469px\" \/><\/h3>\n\n<p>\u00ab\u00a0L\u2019association a pour but de favoriser le d\u00e9veloppement de la personne humaine par la pratique d\u2019activit\u00e9s sportives, soit de comp\u00e9tition, soit de d\u00e9lassement, soit de plein air, soit en salle et, plus sp\u00e9cialement la pratique de toutes activit\u00e9s se rapportant directement ou indirectement aux diverses disciplines de l\u2019athl\u00e9tisme, en ce compris la marche, la randonn\u00e9e et la course \u00e0 pied sous toutes ses formes ainsi que l\u2019organisation de stages et de s\u00e9jours sportifs en Belgique et \u00e0 l\u2019\u00e9tranger.\u00a0\u00bb<\/p>\n\n<p><strong>Une r\u00e9f\u00e9rente \u00e9thique \u2026<\/strong><\/p>\n\n<p><em>Afin que ces valeurs soient respect\u00e9es, l&rsquo;Arch a choisi une r\u00e9f\u00e9rente \u00e9thique au sein du club, en l\u2019occurrence <strong><span lang=\"EN-US\">H\u00e9l\u00e8ne Sens\u00e9e<\/span><\/strong> \u2026 Un r\u00e9f\u00e9rent \u00ab\u00a0Ethique\u00a0\u00bb, c&rsquo;est une personne qui a \u00e9t\u00e9 choisie par le Conseil d&rsquo;administration d&rsquo;un club pour combattre le harc\u00e8lement et le dopage en milieu sportif. C&rsquo;est une personne de confiance vers qui un athl\u00e8te peut se tourner s&rsquo;il est concern\u00e9 par un cas de discrimination, harc\u00e8lement moral, physique ou sexuel ou soup\u00e7on de dopage.<\/em><em>Ce r\u00e9f\u00e9rent \u00e9coute et soutient l&rsquo;athl\u00e8te sans jugement et en toute confidentialit\u00e9<\/em>. Cheila peut \u00eatre contact\u00e9e par mail\u00a0\u00a0 ou par tf<\/p>\n\n<p><em>Les deux documents ci-apr\u00e8s vous donnent un \u00e9clairage sur cette probl\u00e9matique\u00a0: <a href=\"https:\/\/www.panathlon.be\/wp-content\/uploads\/Chartes-des-droits-de-lenfant-dans-le-sport.pdf\">\u00ab\u00a0Les droits de l\u2019enfant dans le sport\u00a0\u00bb<\/a> et la <a href=\"file:\/\/\/C:\/Users\/Paul\/AppData\/Local\/Microsoft\/Windows\/INetCache\/Content.Outlook\/THFIXBKB\/Ethique_Charte_Vivons_Sport_2013.pdf\">\u00ab\u00a0Charte Vivons Sport\u00a0\u00bb<\/a><\/em><\/p>\n\n<h3 class=\"wp-block-heading\">Notre philosophie<\/h3>\n\n<h4>Un an d&rsquo;\u00e9motion en deux minutes.<\/h4>\n<h5>L&rsquo;ARCH en 2015 vit plus que jamais l&rsquo;athl\u00e9tisme avec passion. <a href=\"https:\/\/vimeo.com\/143511800\" target=\"_blank\" rel=\"noreferrer noopener\">WE ARE ARCH (2015)<\/a><\/h5>\n\n<p>Notre club est d&rsquo;abord un club d&rsquo;athl\u00e9tisme et de course \u00e0 pied. Il est affili\u00e9 \u00e0 une f\u00e9d\u00e9ration officielle d&rsquo;athl\u00e9tisme, la Ligue Francophone Belge d&rsquo;athl\u00e9tisme dont nous respectons les r\u00e8gles. Ceci ne nous emp\u00eache pas d&rsquo;\u00e9couter nos membres et d&rsquo;\u00e9voluer avec eux vers de nouvelles disciplines apparent\u00e9es \u00e0 nos activit\u00e9s d&rsquo;origine : le jogging, le trail, le trek, la rando et aussi le cyclisme et le ski de fond, des sports d&rsquo;endurance douce. Chacun peut s&rsquo;y retrouver.<\/p>\n\n<p>Nous nous voulons aussi une association o\u00f9 chacun se sent bien, d&rsquo;o\u00f9 personne n&rsquo;est exclu. Nous nous effor\u00e7ons aussi d&rsquo;y int\u00e9grer des personnes fragilis\u00e9es quand cela nous est possible car nous ne disposons pas d&rsquo;encadrement sp\u00e9cialis\u00e9.<\/p>\n\n<p>L&rsquo;ARCH est un lieu de rencontres et d&rsquo;\u00e9changes o\u00f9 chacun peut trouver des contacts, des amis, des appuis, des soutiens de mani\u00e8re libre, sans contraintes.<\/p>\n\n<p>\u00a0<\/p>\n\t\t\t\t\t\t\t\t<\/div>\n\t\t\t\t<\/div>\n\t\t\t\t\t<\/div>\n\t\t\t\t<\/div>\n\t\t<div class=\"elementor-element elementor-element-91cccae e-flex e-con-boxed e-con e-parent\" data-id=\"91cccae\" data-element_type=\"container\" data-e-type=\"container\">\n\t\t\t\t\t<div class=\"e-con-inner\">\n\t\t\t\t<div class=\"elementor-element elementor-element-d334138 elementor-widget elementor-widget-video\" data-id=\"d334138\" data-element_type=\"widget\" data-e-type=\"widget\" data-settings=\"{&quot;video_type&quot;:&quot;vimeo&quot;}\" data-widget_type=\"video.default\">\n\t\t\t\t<div class=\"elementor-widget-container\">\n\t\t\t\t\t\t\t<div class=\"elementor-wrapper elementor-open-inline\">\n\t\t\t<iframe class=\"elementor-video-iframe\" allowfullscreen allow=\"clipboard-write\" title=\"Lecteur vid\u00e9o vimeo\" src=\"https:\/\/player.vimeo.com\/video\/143511800?color&amp;autopause=0&amp;loop=0&amp;muted=0&amp;title=1&amp;portrait=1&amp;byline=1#t=\"><\/iframe>\t\t<\/div>\n\t\t\t\t\t\t<\/div>\n\t\t\t\t<\/div>\n\t\t\t\t\t<\/div>\n\t\t\t\t<\/div>\n\t\t<div class=\"elementor-element elementor-element-72ed09e e-flex e-con-boxed e-con e-parent\" data-id=\"72ed09e\" data-element_type=\"container\" data-e-type=\"container\">\n\t\t\t\t\t<div class=\"e-con-inner\">\n\t\t\t\t<div class=\"elementor-element elementor-element-575ef1f elementor-widget elementor-widget-text-editor\" data-id=\"575ef1f\" data-element_type=\"widget\" data-e-type=\"widget\" data-widget_type=\"text-editor.default\">\n\t\t\t\t<div class=\"elementor-widget-container\">\n\t\t\t\t\t\t\t\t\t<h3 class=\"wp-block-heading\">Nos valeurs<\/h3>\n<h3><!-- \/wp:heading --><!-- wp:paragraph --><\/h3>\n<p>La perf d&rsquo;accord, l&rsquo;ambiance d&rsquo;abord ! L&rsquo;athl\u00e9tisme, et ses disciplines connexes, est un sport de chiffres,de performances. Les records sont importants : personnels, provinciaux, r\u00e9gionaux, belges, internationaux. Nous y sommes attach\u00e9s. Chacun veut se d\u00e9passer. Nous sommes tous vainqueurs ! Mais la convivialit\u00e9 est encore plus importante. Elle est pr\u00e9sente \u00e0 chaque instant. La perf d&rsquo;accord, l&rsquo;ambiance d&rsquo;abord !<\/p>\n<h3><!-- \/wp:paragraph --><!-- wp:paragraph --><\/h3>\n<ul>\n<li>La convivialit\u00e9 et la fraternit\u00e9<!-- \/wp:paragraph --><!-- wp:paragraph --><\/li>\n<li>La non-discrimination<!-- \/wp:paragraph --><!-- wp:paragraph --><\/li>\n<li>Le respect de soi et des autres<\/li>\n<\/ul>\n<h3><!-- \/wp:paragraph --><!-- wp:paragraph --><\/h3>\n<p>Une pens\u00e9e &#8230; \u00ab\u00a0Si courir \u00e9tait notre seul but, nous passerions \u00e0 c\u00f4t\u00e9 de moments inoubliables !\u00a0\u00bb Anonyme<\/p>\n<p>\u00a0<\/p>\n<h3>\u00a0\u00ab\u00a0Ligne de vie\u00a0\u00bb !<\/h3>\n<p><!-- \/wp:paragraph --><!-- wp:heading {\"level\":3} --><!-- \/wp:heading --><!-- wp:paragraph --><!-- \/wp:paragraph --><!-- wp:paragraph --><!-- \/wp:paragraph --><!-- wp:paragraph --><\/p>\n<p>Manu nous a concoct\u00e9 une bande-annonce de \u00ab\u00a0Ligne de Vie\u00a0\u00bb, 40 ans de passion en 3 minutes,\u00a0ainsi qu&rsquo;une page Facebook. D\u00e9couvez les ! Cette page Facebook\u00a0a pour but de donner une 2e vie au film. Vous y trouverez des photos in\u00e9dites de l&rsquo;envers du d\u00e9cor, des images du film et des vid\u00e9os. Commentez, partagez, faites vivre cette page. Elle appartient \u00e0 tous les athl\u00e8tes anonymes qui ont trouv\u00e9 dans la course \u00e0 pied une source d&rsquo;espoir et de vie.<\/p>\n<p>\u00a0<\/p>\n<p><em>Manu Morimont, le r\u00e9alisateur.<\/em><\/p>\t\t\t\t\t\t\t\t<\/div>\n\t\t\t\t<\/div>\n\t\t\t\t\t<\/div>\n\t\t\t\t<\/div>\n\t\t<div class=\"elementor-element elementor-element-7a5f2e3 e-flex e-con-boxed e-con e-parent\" data-id=\"7a5f2e3\" data-element_type=\"container\" data-e-type=\"container\">\n\t\t\t\t\t<div class=\"e-con-inner\">\n\t\t\t\t<div class=\"elementor-element elementor-element-3206e78 elementor-widget elementor-widget-video\" data-id=\"3206e78\" data-element_type=\"widget\" data-e-type=\"widget\" data-settings=\"{&quot;video_type&quot;:&quot;vimeo&quot;}\" data-widget_type=\"video.default\">\n\t\t\t\t<div class=\"elementor-widget-container\">\n\t\t\t\t\t\t\t<div class=\"elementor-wrapper elementor-open-inline\">\n\t\t\t<iframe class=\"elementor-video-iframe\" allowfullscreen allow=\"clipboard-write\" title=\"Lecteur vid\u00e9o vimeo\" src=\"https:\/\/player.vimeo.com\/video\/98710591?color&amp;autopause=0&amp;loop=0&amp;muted=0&amp;title=1&amp;portrait=1&amp;byline=1#t=\"><\/iframe>\t\t<\/div>\n\t\t\t\t\t\t<\/div>\n\t\t\t\t<\/div>\n\t\t\t\t\t<\/div>\n\t\t\t\t<\/div>\n\t\t<div class=\"elementor-element elementor-element-dd7eff8 e-con-full e-flex e-con e-parent\" data-id=\"dd7eff8\" data-element_type=\"container\" data-e-type=\"container\" data-settings=\"{&quot;background_background&quot;:&quot;classic&quot;}\">\n\t\t\t\t<div class=\"elementor-element elementor-element-ab33194 elementor-widget elementor-widget-heading\" data-id=\"ab33194\" data-element_type=\"widget\" data-e-type=\"widget\" data-widget_type=\"heading.default\">\n\t\t\t\t<div class=\"elementor-widget-container\">\n\t\t\t\t\t<h3 class=\"elementor-heading-title elementor-size-default\">T\u00e9moignage<\/h3>\t\t\t\t<\/div>\n\t\t\t\t<\/div>\n\t\t\t\t<\/div>\n\t\t<div class=\"elementor-element elementor-element-6f77f75 e-con-full e-flex e-con e-parent\" data-id=\"6f77f75\" data-element_type=\"container\" data-e-type=\"container\" data-settings=\"{&quot;background_background&quot;:&quot;classic&quot;}\">\n\t\t\t\t<div class=\"elementor-element elementor-element-2c164fa elementor-widget elementor-widget-testimonial\" data-id=\"2c164fa\" data-element_type=\"widget\" data-e-type=\"widget\" data-widget_type=\"testimonial.default\">\n\t\t\t\t<div class=\"elementor-widget-container\">\n\t\t\t\t\t\t\t<div class=\"elementor-testimonial-wrapper\">\n\t\t\t\t\t\t\t<div class=\"elementor-testimonial-content\">\"Un tout grand merci \u00e0 vous,\u00a0\u00e0 Anne et au club de l\u2019ARCH d\u2019avoir permis \u00e0 nos filles de participer \u00e0 cette tr\u00e8s belle journ\u00e9e. \n\nMerci \u00e0 tous les entra\u00eeneurs de prendre soin, chaque mercredi, de nos petits tr\u00e9sors, de leur apprendre \u00e0 aimer le sport, de leur donner l\u2019envie de se surpasser, de leur apprendre \u00e0 g\u00e9rer leur stress, de leur donner confiance en elle, de leur donner l\u2019envie de progresser. Valeurs qui leur permettront de grandir dans leur vie, m\u00eame autre que sportive. \n\nMerci \u00e0 Alex, H\u00e9l\u00e8ne, Aline, Lou, Am\u00e9lie, Marie, Roxane,\u00a0et tous les autres, qui au travers de leurs performances, leur apportent la fiert\u00e9 d\u2019appartenir \u00e0 un club, \u00e0 un grand club. \n\nMerci \u00e0 ceux qui, dans l\u2019anonymat, \u0153uvre \u00e0 la r\u00e9ussite de cette tr\u00e8s belle aventure qu\u2019est l\u2019ARCH. \n\nBravo \u00e0 vous tous.\"<\/div>\n\t\t\t\n\t\t\t\t\t\t<div class=\"elementor-testimonial-meta elementor-has-image elementor-testimonial-image-position-aside\">\n\t\t\t\t<div class=\"elementor-testimonial-meta-inner\">\n\t\t\t\t\t\t\t\t\t\t\t<div class=\"elementor-testimonial-image\">\n\t\t\t\t\t\t\t<img decoding=\"async\" width=\"2048\" height=\"1152\" src=\"https:\/\/archathle.eu\/wp-content\/uploads\/2026\/01\/492123700_1225108249618451_6906867934970205251_n.jpg\" class=\"attachment-full size-full wp-image-9886\" alt=\"\" srcset=\"https:\/\/archathle.eu\/wp-content\/uploads\/2026\/01\/492123700_1225108249618451_6906867934970205251_n.jpg 2048w, https:\/\/archathle.eu\/wp-content\/uploads\/2026\/01\/492123700_1225108249618451_6906867934970205251_n-300x169.jpg 300w, https:\/\/archathle.eu\/wp-content\/uploads\/2026\/01\/492123700_1225108249618451_6906867934970205251_n-1024x576.jpg 1024w, https:\/\/archathle.eu\/wp-content\/uploads\/2026\/01\/492123700_1225108249618451_6906867934970205251_n-768x432.jpg 768w, https:\/\/archathle.eu\/wp-content\/uploads\/2026\/01\/492123700_1225108249618451_6906867934970205251_n-1536x864.jpg 1536w\" sizes=\"(max-width: 2048px) 100vw, 2048px\" \/>\t\t\t\t\t\t<\/div>\n\t\t\t\t\t\n\t\t\t\t\t\t\t\t\t\t<div class=\"elementor-testimonial-details\">\n\t\t\t\t\t\t\t\t\t\t\t\t\t\t<div class=\"elementor-testimonial-name\">d'un parent de jeune BPM !<\/div>\n\t\t\t\t\t\t\t\t\t\t\t\t\t\t\t\t\t\t\t\t\t\t<div class=\"elementor-testimonial-job\">Message (tr\u00e8s gentil !)<\/div>\n\t\t\t\t\t\t\t\t\t\t\t\t\t<\/div>\n\t\t\t\t\t\t\t\t\t<\/div>\n\t\t\t<\/div>\n\t\t\t\t\t<\/div>\n\t\t\t\t\t\t<\/div>\n\t\t\t\t<\/div>\n\t\t\t\t<\/div>\n\t\t\t\t<\/div>\n\t\t","protected":false},"excerpt":{"rendered":"<p>L&rsquo;objet social de l&rsquo;asbl ARCH &#8211; \u00ab\u00a0Athletic &#8211; Running &#8211; Ciney &#8211; Haute-Meuse\u00a0\u00bb \u00ab\u00a0L\u2019association a pour but de favoriser le d\u00e9veloppement de la personne humaine par la pratique d\u2019activit\u00e9s sportives, soit de comp\u00e9tition, soit de d\u00e9lassement, soit de plein air, soit en salle et, plus sp\u00e9cialement la pratique de toutes activit\u00e9s se rapportant directement ou [&hellip;]<\/p>\n","protected":false},"author":1,"featured_media":0,"parent":0,"menu_order":0,"comment_status":"closed","ping_status":"closed","template":"page-full-width.php","meta":{"footnotes":""},"class_list":["post-9140","page","type-page","status-publish","hentry"],"_links":{"self":[{"href":"https:\/\/archathle.eu\/index.php\/wp-json\/wp\/v2\/pages\/9140","targetHints":{"allow":["GET"]}}],"collection":[{"href":"https:\/\/archathle.eu\/index.php\/wp-json\/wp\/v2\/pages"}],"about":[{"href":"https:\/\/archathle.eu\/index.php\/wp-json\/wp\/v2\/types\/page"}],"author":[{"embeddable":true,"href":"https:\/\/archathle.eu\/index.php\/wp-json\/wp\/v2\/users\/1"}],"replies":[{"embeddable":true,"href":"https:\/\/archathle.eu\/index.php\/wp-json\/wp\/v2\/comments?post=9140"}],"version-history":[{"count":50,"href":"https:\/\/archathle.eu\/index.php\/wp-json\/wp\/v2\/pages\/9140\/revisions"}],"predecessor-version":[{"id":10691,"href":"https:\/\/archathle.eu\/index.php\/wp-json\/wp\/v2\/pages\/9140\/revisions\/10691"}],"wp:attachment":[{"href":"https:\/\/archathle.eu\/index.php\/wp-json\/wp\/v2\/media?parent=9140"}],"curies":[{"name":"wp","href":"https:\/\/api.w.org\/{rel}","templated":true}]}}