{"id":9142,"date":"2025-08-21T15:00:54","date_gmt":"2025-08-21T13:00:54","guid":{"rendered":"https:\/\/archathle.ovh\/?page_id=9142"},"modified":"2026-02-20T11:52:31","modified_gmt":"2026-02-20T10:52:31","slug":"devenir-officiel","status":"publish","type":"page","link":"https:\/\/archathle.eu\/index.php\/devenir-officiel\/","title":{"rendered":"Devenir officiel"},"content":{"rendered":"\t\t<div data-elementor-type=\"wp-page\" data-elementor-id=\"9142\" class=\"elementor elementor-9142\">\n\t\t\t\t<div class=\"elementor-element elementor-element-19d738de e-flex e-con-boxed e-con e-parent\" data-id=\"19d738de\" data-element_type=\"container\" data-e-type=\"container\">\n\t\t\t\t\t<div class=\"e-con-inner\">\n\t\t\t\t<div class=\"elementor-element elementor-element-792f7b8d elementor-widget elementor-widget-text-editor\" data-id=\"792f7b8d\" data-element_type=\"widget\" data-e-type=\"widget\" data-widget_type=\"text-editor.default\">\n\t\t\t\t<div class=\"elementor-widget-container\">\n\t\t\t\t\t\t\t\t\t\n<p style=\"text-align: center;\"><strong>L\u2019athl\u00e9tisme vous passionne ? Les comp\u00e9titions vous font fr\u00e9mir ?<\/strong><\/p>\n<p style=\"text-align: center;\"><strong>Vous aimez les contacts et savez prendre des d\u00e9cisions ?<\/strong><\/p>\n<p style=\"text-align: center;\"><strong><\/strong><\/p>\n<p style=\"text-align: center;\"><strong><\/strong><\/p>\n<p style=\"text-align: center;\"><strong>Parent, vous accompagnez souvent votre enfant en comp\u00e9tition ?<\/strong><\/p>\n<p style=\"text-align: center;\"><strong><\/strong><\/p>\n<p style=\"text-align: center;\"><strong>Ancien athl\u00e8te, vous souhaitez rester dans l\u2019ambiance de l\u2019athl\u00e9tisme ?<\/strong><\/p>\n<p style=\"text-align: center;\"><strong><\/strong><\/p>\n<p style=\"text-align: center;\"><strong>Athl\u00e8te pratiquant, vous \u00eates disponible lors de meetings de jeunes ?<\/strong><\/p>\n<p style=\"text-align: center;\"><strong><\/strong><\/p>\n<p style=\"text-align: center;\"><strong>Un juge sommeille peut-\u00eatre en vous ?<\/strong><\/p>\n<p>\u00a0<\/p>\n\n<p><strong>Alors faites le pas, devenez officiel d\u2019athl\u00e9 !<\/strong><\/p>\n\n<p>D\u00e8s 18 ans, homme ou femme, la carri\u00e8re d\u2019officiel s\u2019offre \u00e0 vous. Pas besoin de longues heures de cours, pas besoin de moments interminables \u00e0 \u00e9tudier.<\/p>\n\n<p>D\u00e8s que vous le sentez, prenez contact avec votre secr\u00e9taire de club et commencez \u00e0 juger !<\/p>\n\n<p>Apr\u00e8s cinq meetings o\u00f9 vous exercerez le r\u00f4le d\u2019officiel et o\u00f9 vous apprendrez les r\u00e8gles de l\u2019athl\u00e9tisme sous la responsabilit\u00e9 d\u2019un juge chevronn\u00e9,<\/p>\n\n<p>vous passerez une rapide interview de contr\u00f4le (d\u00e9contract\u00e9e) et vous voil\u00e0 devenu officiel provincial !<\/p>\n<p>\u00a0<\/p>\n\n<p><strong>Pas beaucoup de temps ? Pas envie de vous rendre dans un club lointain ?<\/strong><\/p>\n\n<p>Aucun probl\u00e8me ! Informez simplement le d\u00e9signateur de votre province et votre club de vos pr\u00e9f\u00e9rences et disponibilit\u00e9s.<\/p>\n\n<p>Un calendrier de quelques rencontres vous sera alors propos\u00e9. Vous restez libre \u00e0 tout moment d\u2019accepter ou refuser une convocation !<\/p>\n<p>\u00a0<\/p>\n\n<p><strong>Quels avantages ?<\/strong><\/p>\n\n<p>En tant qu\u2019officiel provincial vous avez acc\u00e8s \u00e0 la quasi-totalit\u00e9 des meetings belges gratuitement sur simple pr\u00e9sentation de votre carte d\u2019officiel !<\/p>\n\n<p>Plus besoin de payer votre entr\u00e9e lorsque vous accompagnez vos enfants !<\/p>\n\n<p>Lors des meetings o\u00f9 vous jugez, votre prestation est pay\u00e9e (7,5 ou 12,5 \u20ac) et votre d\u00e9placement est pris en charge par l\u2019organisateur !<\/p>\n\n<p>G\u00e9n\u00e9ralement, une consommation vous est offerte durant votre prestation !<\/p>\n<p>\u00a0<\/p>\n\n<p><strong>Et apr\u00e8s ?<\/strong><\/p>\n\n<p>L\u2019officiel provincial peut ensuite devenir officiel national ou international et \u00eatre juge lors de meetings internationaux tels que le Van Damme, Heusden ou encore Li\u00e8ge&#8230;<\/p>\n\n<p>L\u2019officiel provincial peut aussi devenir juge de marche !<\/p>\n<p>\u00a0<\/p>\n\n<p><strong>Alors, rejoignez-nous !<\/strong><\/p>\n\n<p>En contactant votre secr\u00e9taire de club ou votre d\u00e9signateur provincial !<\/p>\n\n<p>Pour toute question : <a href=\"mailto:reneemathieu01@gmail.com\">reneemathieu01@gmail.com<\/a><\/p>\n\t\t\t\t\t\t\t\t<\/div>\n\t\t\t\t<\/div>\n\t\t\t\t\t<\/div>\n\t\t\t\t<\/div>\n\t\t\t\t<\/div>\n\t\t","protected":false},"excerpt":{"rendered":"<p>L\u2019athl\u00e9tisme vous passionne ? Les comp\u00e9titions vous font fr\u00e9mir ? Vous aimez les contacts et savez prendre des d\u00e9cisions ? Parent, vous accompagnez souvent votre enfant en comp\u00e9tition ? Ancien athl\u00e8te, vous souhaitez rester dans l\u2019ambiance de l\u2019athl\u00e9tisme ? Athl\u00e8te pratiquant, vous \u00eates disponible lors de meetings de jeunes ? Un juge sommeille peut-\u00eatre en [&hellip;]<\/p>\n","protected":false},"author":1,"featured_media":0,"parent":0,"menu_order":0,"comment_status":"closed","ping_status":"closed","template":"","meta":{"footnotes":""},"class_list":["post-9142","page","type-page","status-publish","hentry"],"_links":{"self":[{"href":"https:\/\/archathle.eu\/index.php\/wp-json\/wp\/v2\/pages\/9142","targetHints":{"allow":["GET"]}}],"collection":[{"href":"https:\/\/archathle.eu\/index.php\/wp-json\/wp\/v2\/pages"}],"about":[{"href":"https:\/\/archathle.eu\/index.php\/wp-json\/wp\/v2\/types\/page"}],"author":[{"embeddable":true,"href":"https:\/\/archathle.eu\/index.php\/wp-json\/wp\/v2\/users\/1"}],"replies":[{"embeddable":true,"href":"https:\/\/archathle.eu\/index.php\/wp-json\/wp\/v2\/comments?post=9142"}],"version-history":[{"count":11,"href":"https:\/\/archathle.eu\/index.php\/wp-json\/wp\/v2\/pages\/9142\/revisions"}],"predecessor-version":[{"id":11171,"href":"https:\/\/archathle.eu\/index.php\/wp-json\/wp\/v2\/pages\/9142\/revisions\/11171"}],"wp:attachment":[{"href":"https:\/\/archathle.eu\/index.php\/wp-json\/wp\/v2\/media?parent=9142"}],"curies":[{"name":"wp","href":"https:\/\/api.w.org\/{rel}","templated":true}]}}