{"id":9277,"date":"2025-08-26T16:30:57","date_gmt":"2025-08-26T14:30:57","guid":{"rendered":"https:\/\/archathle.ovh\/?page_id=9277"},"modified":"2026-03-06T11:15:03","modified_gmt":"2026-03-06T10:15:03","slug":"cross-de-ciney","status":"publish","type":"page","link":"https:\/\/archathle.eu\/index.php\/cross-de-ciney\/","title":{"rendered":"Cross de Ciney"},"content":{"rendered":"\t\t<div data-elementor-type=\"wp-page\" data-elementor-id=\"9277\" class=\"elementor elementor-9277\">\n\t\t\t\t<div class=\"elementor-element elementor-element-548257ed e-flex e-con-boxed e-con e-parent\" data-id=\"548257ed\" data-element_type=\"container\" data-e-type=\"container\">\n\t\t\t\t\t<div class=\"e-con-inner\">\n\t\t\t\t<div class=\"elementor-element elementor-element-74aa210f elementor-widget elementor-widget-text-editor\" data-id=\"74aa210f\" data-element_type=\"widget\" data-e-type=\"widget\" data-widget_type=\"text-editor.default\">\n\t\t\t\t<div class=\"elementor-widget-container\">\n\t\t\t\t\t\t\t\t\t<p><\/p>\n<h3 style=\"text-align: center;\"><span style=\"color: #0000ff;\">L&rsquo;\u00e9dition 2026 aura lieu le dimanche 8 novembre<\/span><\/h3>\n<hr \/>\n<h4 style=\"text-align: center;\">51\u00e8me ARCH Super Cross 2025<\/h4>\n<p style=\"text-align: center;\"><a href=\"file:\/\/\/d:\/Users\/Paul\/Downloads\/20251102-51eme-arch-super-cross-allresults-2.pdf\"><span style=\"text-decoration: underline;\">R\u00e9sultats<\/span><\/a><\/p>\n<p style=\"text-align: center;\"><a href=\"https:\/\/archathle.eu\/wp-content\/uploads\/2026\/02\/20251102-51eme-arch-super-cross-allresults-2.pdf\">20251102-51eme-arch-super-cross-allresults-2<\/a><\/p>\n<p style=\"text-align: center;\"><a href=\"file:\/\/\/d:\/Users\/Paul\/Downloads\/classement-challenge-provincial-2025-2026-apres-provincial-1.pdf\"><span style=\"text-decoration: underline;\">Classement du Challenge provincial 2025-2026<\/span><\/a><\/p>\n<p style=\"text-align: center;\"><a href=\"https:\/\/archathle.eu\/wp-content\/uploads\/2026\/02\/classement-challenge-provincial-2025-2026-apres-provincial-1-1.pdf\">classement-challenge-provincial-2025-2026-apres-provincial-1-1<\/a><\/p>\n<hr \/>\n<h4 style=\"text-align: center;\"><strong>Provinciaux de cross 2025 Ciney Parc St Roch 23 f\u00e9vrier<\/strong><\/h4>\n<p><\/p>\n<p style=\"text-align: center;\"><a href=\"https:\/\/www.archathle.eu\/wp-content\/uploads\/cross\/2025\/provinciauxcross2025.pdf\">RESULTATS<\/a><\/p>\n<hr \/>\n<h4 style=\"text-align: center;\"><strong>50\u00e8me ARCH Super Cross 3 novembre 2024<\/strong><\/h4>\n<p style=\"text-align: center;\">R\u00e9sultats<\/p>\n<hr \/>\n<h4 style=\"text-align: center;\"><strong>49\u00e8me ARCH Super Cross 2023 &#8211; Dimanche 5 novembre<\/strong><\/h4>\n<p style=\"text-align: center;\"><a href=\"https:\/\/archathle.eu\/wp-content\/uploads\/cross\/2023\/crossciney2023.pdf\">R\u00e9sultats<\/a>\u00a0 \u00a0&#8211;\u00a0\u00a0<a href=\"https:\/\/www.flickr.com\/photos\/145090962@N07\/albums\/72177720312480259\">Photos\u00a0<\/a> &#8211;\u00a0\u00a0<a href=\"https:\/\/youtu.be\/ENbglxcIx5c\">Videos\u00a0 1<\/a>, <a href=\"https:\/\/youtu.be\/ZjCgJ_LKACk\">2<\/a>, <a href=\"https:\/\/youtu.be\/TvlwxffT_-U\">3<\/a>\u00a0&#8211;\u00a0<a href=\"https:\/\/www.matele.be\/challenge-avec-nicolas-bormann\">Reportage Ma T\u00e9l\u00e9<\/a><\/p>\n<p>\u00a0<\/p>\n<figure class=\"wp-block-image\"><\/figure>\n<p><\/p>\n<h2 class=\"wp-block-heading\"><a href=\"https:\/\/www.archathle.eu\/index.php\/16-news\/953-arch-super-cross-infos-de-ce-6-novembre\">434 participants \u00e0 notre Super Cross de ce 6 novembre !<\/a><\/h2>\n<p><\/p>\n<p>Merci \u00e0 tous pour l\u2019organisation d\u2019hier.\u00a0434 athl\u00e8tes ont pass\u00e9 la ligne d\u2019arriv\u00e9e .\u00a0170 de chez nous \u00a0avec 7 victoires , 6 m\u00e9dailles d&rsquo;argent et 9 de bronze.\u00a0Merci \u00e0 vous pour votre pr\u00e9sence !\u00a0<a href=\"https:\/\/archathle.eu\/wp-content\/uploads\/cross\/2022\/20221106_48%C3%A8me_ARCH_Super_Cross_AllResults.pdf\" target=\"_blank\" rel=\"noreferrer noopener\">Voici les r\u00e9sultats.<\/a>\u00a0Et les\u00a0photos de J et A Del Forno !\u00a0<a href=\"https:\/\/www.youtube.com\/watch?v=GgGa8CBxW_Q\">Des videos de Luc P<\/a>\u00a0<a href=\"https:\/\/www.matele.be\/l-arch-lance-sa-saison-avec-son-48eme-cross\">Le reportage de Ma T\u00e9l\u00e9<\/a>\u00a0<a href=\"https:\/\/youtu.be\/VpGQRcJpwnI\">Une autre vid\u00e9o de Luc P<\/a><\/p>\n<p><\/p>\n<div>\u00a0<\/div>\n<div>\u00a0<\/div>\t\t\t\t\t\t\t\t<\/div>\n\t\t\t\t<\/div>\n\t\t\t\t\t<\/div>\n\t\t\t\t<\/div>\n\t\t\t\t<\/div>\n\t\t","protected":false},"excerpt":{"rendered":"<p>L&rsquo;\u00e9dition 2026 aura lieu le dimanche 8 novembre 51\u00e8me ARCH Super Cross 2025 R\u00e9sultats 20251102-51eme-arch-super-cross-allresults-2 Classement du Challenge provincial 2025-2026 classement-challenge-provincial-2025-2026-apres-provincial-1-1 Provinciaux de cross 2025 Ciney Parc St Roch 23 f\u00e9vrier RESULTATS 50\u00e8me ARCH Super Cross 3 novembre 2024 R\u00e9sultats 49\u00e8me ARCH Super Cross 2023 &#8211; Dimanche 5 novembre R\u00e9sultats\u00a0 \u00a0&#8211;\u00a0\u00a0Photos\u00a0 &#8211;\u00a0\u00a0Videos\u00a0 1, 2, 3\u00a0&#8211;\u00a0Reportage [&hellip;]<\/p>\n","protected":false},"author":1,"featured_media":0,"parent":0,"menu_order":0,"comment_status":"closed","ping_status":"closed","template":"","meta":{"footnotes":""},"class_list":["post-9277","page","type-page","status-publish","hentry"],"_links":{"self":[{"href":"https:\/\/archathle.eu\/index.php\/wp-json\/wp\/v2\/pages\/9277","targetHints":{"allow":["GET"]}}],"collection":[{"href":"https:\/\/archathle.eu\/index.php\/wp-json\/wp\/v2\/pages"}],"about":[{"href":"https:\/\/archathle.eu\/index.php\/wp-json\/wp\/v2\/types\/page"}],"author":[{"embeddable":true,"href":"https:\/\/archathle.eu\/index.php\/wp-json\/wp\/v2\/users\/1"}],"replies":[{"embeddable":true,"href":"https:\/\/archathle.eu\/index.php\/wp-json\/wp\/v2\/comments?post=9277"}],"version-history":[{"count":35,"href":"https:\/\/archathle.eu\/index.php\/wp-json\/wp\/v2\/pages\/9277\/revisions"}],"predecessor-version":[{"id":11385,"href":"https:\/\/archathle.eu\/index.php\/wp-json\/wp\/v2\/pages\/9277\/revisions\/11385"}],"wp:attachment":[{"href":"https:\/\/archathle.eu\/index.php\/wp-json\/wp\/v2\/media?parent=9277"}],"curies":[{"name":"wp","href":"https:\/\/api.w.org\/{rel}","templated":true}]}}