{"id":9279,"date":"2025-08-26T16:31:47","date_gmt":"2025-08-26T14:31:47","guid":{"rendered":"https:\/\/archathle.ovh\/?page_id=9279"},"modified":"2026-04-03T16:49:40","modified_gmt":"2026-04-03T14:49:40","slug":"meeting-dathletisme","status":"publish","type":"page","link":"https:\/\/archathle.eu\/index.php\/meeting-dathletisme\/","title":{"rendered":"Meetings d&rsquo;athl\u00e9tisme"},"content":{"rendered":"\t\t<div data-elementor-type=\"wp-page\" data-elementor-id=\"9279\" class=\"elementor elementor-9279\">\n\t\t\t\t<div class=\"elementor-element elementor-element-1a0ef898 e-flex e-con-boxed e-con e-parent\" data-id=\"1a0ef898\" data-element_type=\"container\" data-e-type=\"container\">\n\t\t\t\t\t<div class=\"e-con-inner\">\n\t\t\t\t<div class=\"elementor-element elementor-element-60b9dac0 elementor-widget elementor-widget-text-editor\" data-id=\"60b9dac0\" data-element_type=\"widget\" data-e-type=\"widget\" data-widget_type=\"text-editor.default\">\n\t\t\t\t<div class=\"elementor-widget-container\">\n\t\t\t\t\t\t\t\t\t\n<h3 style=\"text-align: center;\">Saison d&rsquo;\u00e9t\u00e9 2026 Stade Rebompr\u00e9 Ciney<\/h3>\n<h4 style=\"text-align: center;\">Challenge BPM DE Meu Ciney 25 avril\u00a0<\/h4>\n<p style=\"text-align: center;\"><span style=\"text-decoration: underline;\">Le programme ICI &#8230;<a href=\"https:\/\/archathle.eu\/wp-content\/uploads\/2026\/03\/demeu2026.pdf\">demeu2026<\/a><\/span><\/p>\n<h4 style=\"text-align: center;\">Interclubs TC mixtes Ciney 16 mai\u00a0<\/h4>\n<p style=\"text-align: center;\">Programme<\/p>\n<h4 style=\"text-align: center;\">Ciney Golden Series 20 juin\u00a0<\/h4>\n<p style=\"text-align: center;\"><a href=\"https:\/\/archathle.eu\/index.php\/ciney-golden-series\/\">Programme<\/a><\/p>\n<h3 style=\"text-align: center;\"><strong>Saison d&rsquo;\u00e9t\u00e9 2025 &#8211; Stade Rebompr\u00e9 Ciney<\/strong><\/h3>\n\n<p style=\"text-align: center;\"><strong>Meeting BPM De Meu<\/strong><\/p>\n\n<p style=\"text-align: center;\">Samedi 26 avril d\u00e8s 11h00<\/p>\n\n<p style=\"text-align: center;\"><a href=\"https:\/\/www.archathle.eu\/wp-content\/uploads\/athletisme\/2025\/resultatsdemeu.pdf\">R\u00e9sultats<\/a> &#8211; <a href=\"https:\/\/www.archathle.eu\/wp-content\/uploads\/athletisme\/2025\/classementsdemeu.pdf\">Classements<\/a><\/p>\n\n<p style=\"text-align: center;\"><strong>Interclubs cadets-scolaires &#8211; 24 mai<\/strong><\/p>\n\n<p style=\"text-align: center;\">\u00a0Samedi 24 mai<\/p>\n\n<p style=\"text-align: center;\"><a href=\"https:\/\/archathle.eu\/index.php\/ciney-golden-series\/\">Horaire &#8211; programme<\/a><\/p>\n<p><\/p>\n<p>\u00a0<\/p>\n<p style=\"text-align: center;\"><strong>4\u00e8<\/strong><strong>me Ciney Golden Series &#8211; 21 juin<\/strong><\/p>\n\n<p style=\"text-align: center;\">\u00a0Samedi 21 juin d\u00e8s 15h00<\/p>\n\n<p style=\"text-align: center;\"><strong>Homologu\u00e9 World Athletics<\/strong><\/p>\n\n<p style=\"text-align: center;\"><em><a href=\"https:\/\/archathle.eu\/index.php\/ciney-golden-series\/\">Horaire &#8211; programme<\/a><\/em><\/p>\n\n<p style=\"text-align: center;\">Inscriptions :\u00a0<em><a href=\"https:\/\/www.athletisme.app\/wedstrijd\/main\/42646\/\" target=\"_blank\" rel=\"noreferrer noopener\">Atletiek.Nu<\/a><\/em><\/p>\n<p>\u00a0<\/p>\n<p style=\"text-align: center;\"><strong>Saison d&rsquo;\u00e9t\u00e9 2024 &#8211; Stade Rebompr\u00e9 Ciney<\/strong><\/p>\n\n<p style=\"text-align: center;\"><strong>Championnats provinciaux Namur-Luxembourg<\/strong><\/p>\n\n<p style=\"text-align: center;\">Samedi 20 avril\u00a0<\/p>\n\n<p style=\"text-align: center;\"><a href=\"https:\/\/www.beathletics.be\/event\/F4209\/results\">\u00a0R\u00e9sultats<\/a><\/p>\n\n<p style=\"text-align: center;\"><strong>Interclubs mixtes division 3<\/strong><\/p>\n\n<p style=\"text-align: center;\">Samedi 11 mai<\/p>\n\n<p style=\"text-align: center;\"><a href=\"https:\/\/www.beathletics.be\/event\/F4326\/results\">R\u00e9sultats<\/a><\/p>\n\n<p style=\"text-align: center;\"><strong>Meeting BPM De Meu<\/strong><\/p>\n\n<p style=\"text-align: center;\">Samedi 8 juin<\/p>\n\n<p style=\"text-align: center;\"><a href=\"https:\/\/www.archathle.eu\/images\/athletisme\/2024\/horairedemeu2024bis.pdf\">Les\u00a0<\/a><a href=\"https:\/\/www.archathle.eu\/wp-content\/uploads\/athletisme\/2024\/demeuperfs.pdf\">r\u00e9sultats individuels<\/a><a href=\"https:\/\/www.archathle.eu\/images\/athletisme\/2024\/horairedemeu2024bis.pdf\">, les\u00a0<\/a><a href=\"https:\/\/www.archathle.eu\/wp-content\/uploads\/athletisme\/2024\/demeuclassements.pdf\">classements<\/a><\/p>\n\n<p style=\"text-align: center;\">\u00a0<strong>3\u00e8<\/strong><strong>me Ciney Golden Series<\/strong><\/p>\n\n<p style=\"text-align: center;\">Samedi 22 juin<\/p>\n\n<p style=\"text-align: center;\"><a href=\"https:\/\/www.archathle.eu\/wp-content\/uploads\/athletisme\/2024\/Rsultats_sportifs_2024.pdf\" target=\"_blank\" rel=\"noreferrer noopener\">R\u00e9sultats<\/a><\/p>\n\t\t\t\t\t\t\t\t<\/div>\n\t\t\t\t<\/div>\n\t\t\t\t\t<\/div>\n\t\t\t\t<\/div>\n\t\t\t\t<\/div>\n\t\t","protected":false},"excerpt":{"rendered":"<p>Saison d&rsquo;\u00e9t\u00e9 2026 Stade Rebompr\u00e9 Ciney Challenge BPM DE Meu Ciney 25 avril\u00a0 Le programme ICI &#8230;demeu2026 Interclubs TC mixtes Ciney 16 mai\u00a0 Programme Ciney Golden Series 20 juin\u00a0 Programme Saison d&rsquo;\u00e9t\u00e9 2025 &#8211; Stade Rebompr\u00e9 Ciney Meeting BPM De Meu Samedi 26 avril d\u00e8s 11h00 R\u00e9sultats &#8211; Classements Interclubs cadets-scolaires &#8211; 24 mai \u00a0Samedi [&hellip;]<\/p>\n","protected":false},"author":1,"featured_media":0,"parent":0,"menu_order":0,"comment_status":"closed","ping_status":"closed","template":"","meta":{"footnotes":""},"class_list":["post-9279","page","type-page","status-publish","hentry"],"_links":{"self":[{"href":"https:\/\/archathle.eu\/index.php\/wp-json\/wp\/v2\/pages\/9279","targetHints":{"allow":["GET"]}}],"collection":[{"href":"https:\/\/archathle.eu\/index.php\/wp-json\/wp\/v2\/pages"}],"about":[{"href":"https:\/\/archathle.eu\/index.php\/wp-json\/wp\/v2\/types\/page"}],"author":[{"embeddable":true,"href":"https:\/\/archathle.eu\/index.php\/wp-json\/wp\/v2\/users\/1"}],"replies":[{"embeddable":true,"href":"https:\/\/archathle.eu\/index.php\/wp-json\/wp\/v2\/comments?post=9279"}],"version-history":[{"count":30,"href":"https:\/\/archathle.eu\/index.php\/wp-json\/wp\/v2\/pages\/9279\/revisions"}],"predecessor-version":[{"id":11709,"href":"https:\/\/archathle.eu\/index.php\/wp-json\/wp\/v2\/pages\/9279\/revisions\/11709"}],"wp:attachment":[{"href":"https:\/\/archathle.eu\/index.php\/wp-json\/wp\/v2\/media?parent=9279"}],"curies":[{"name":"wp","href":"https:\/\/api.w.org\/{rel}","templated":true}]}}