{"id":9430,"date":"2025-08-28T10:34:23","date_gmt":"2025-08-28T08:34:23","guid":{"rendered":"https:\/\/archathle.ovh\/?page_id=9430"},"modified":"2026-02-25T17:28:21","modified_gmt":"2026-02-25T16:28:21","slug":"arch-story","status":"publish","type":"page","link":"https:\/\/archathle.eu\/index.php\/arch-story\/","title":{"rendered":"Arch Story"},"content":{"rendered":"\t\t<div data-elementor-type=\"wp-page\" data-elementor-id=\"9430\" class=\"elementor elementor-9430\">\n\t\t\t\t<div class=\"elementor-element elementor-element-32de261d e-flex e-con-boxed e-con e-parent\" data-id=\"32de261d\" data-element_type=\"container\" data-e-type=\"container\">\n\t\t\t\t\t<div class=\"e-con-inner\">\n\t\t\t\t<div class=\"elementor-element elementor-element-7c1b247 elementor-drop-cap-yes elementor-drop-cap-view-default elementor-widget elementor-widget-text-editor\" data-id=\"7c1b247\" data-element_type=\"widget\" data-e-type=\"widget\" data-settings=\"{&quot;drop_cap&quot;:&quot;yes&quot;}\" data-widget_type=\"text-editor.default\">\n\t\t\t\t<div class=\"elementor-widget-container\">\n\t\t\t\t\t\t\t\t\t<p><strong>Petite histoire d\u2019un club ROYAL &#8230; consacr\u00e9 par notre Roi Philippe<\/strong><\/p>\n<p><a href=\"https:\/\/vimeo.com\/98710591\">LIGNE DE VIE (INT\u00c9GRALE)<\/a> from <a href=\"https:\/\/vimeo.com\/user25488818\">Emmanuel Morimont<\/a> on <a href=\"https:\/\/vimeo.com\">Vimeo<\/a>.<\/p>\n<p><strong>Manu Morimont a mis le film complet \u00e0 disposition &#8230; : <em>\u00ab\u00a0Ligne de vie est un film r\u00e9alis\u00e9 b\u00e9n\u00e9volement. Il vous plonge au coeur d&rsquo;un club d&rsquo;athl\u00e9tisme amateur : l&rsquo;ARCH. Cr\u00e9\u00e9 en 1973, il a rassembl\u00e9 des centaines d&rsquo;athl\u00e8tes du Condroz, de la Famenne et de la vall\u00e9e mosane. Une ligne longue de 40 ans, pas toujours droite, marqu\u00e9e par des exploits et des rencontres. Une ligne remplie d&rsquo;euphorie et de doute. Ligne de vie, c&rsquo;est le quotidien des athl\u00e8tes de l&rsquo;ombre. Une histoire de valeurs, d&rsquo;\u00e9motions o\u00f9 le sport permet de revenir \u00e0 l&rsquo;essentiel, o\u00f9 le sport est source de vie.\u00a0\u00bb<\/em><br \/>Premi\u00e8re diffusion sur MAt\u00e9l\u00e9, le 8 novembre 2013.<\/strong><\/p>\t\t\t\t\t\t\t\t<\/div>\n\t\t\t\t<\/div>\n\t\t\t\t<div class=\"elementor-element elementor-element-3b3ca11 elementor-widget elementor-widget-video\" data-id=\"3b3ca11\" data-element_type=\"widget\" data-e-type=\"widget\" data-settings=\"{&quot;video_type&quot;:&quot;vimeo&quot;}\" data-widget_type=\"video.default\">\n\t\t\t\t<div class=\"elementor-widget-container\">\n\t\t\t\t\t\t\t<div class=\"elementor-wrapper elementor-open-inline\">\n\t\t\t<iframe class=\"elementor-video-iframe\" allowfullscreen allow=\"clipboard-write\" title=\"Lecteur vid\u00e9o vimeo\" src=\"https:\/\/player.vimeo.com\/video\/98710591?color&amp;autopause=0&amp;loop=0&amp;muted=0&amp;title=1&amp;portrait=1&amp;byline=1#t=\"><\/iframe>\t\t<\/div>\n\t\t\t\t\t\t<\/div>\n\t\t\t\t<\/div>\n\t\t\t\t<div class=\"elementor-element elementor-element-4f326de5 elementor-widget elementor-widget-text-editor\" data-id=\"4f326de5\" data-element_type=\"widget\" data-e-type=\"widget\" data-widget_type=\"text-editor.default\">\n\t\t\t\t<div class=\"elementor-widget-container\">\n\t\t\t\t\t\t\t\t\t\n<p><strong>Les ann\u00e9es 60 et la fondation d\u2019un club officiel en 1968 \u2026 <\/strong>Dans les ann\u00e9es 60, les \u00e9l\u00e8ves de l\u2019Institut St Joseph de Ciney \u00e9cument r\u00e9guli\u00e8rement les cross interscolaires. Les profs de gym de l\u2019\u00e9poque et certains parents passionn\u00e9s d\u2019athl\u00e9tisme cr\u00e9ent en 1968 le premier club d\u2019athl\u00e9tisme du Condroz\u00a0: le SJACC &#8211; St Joseph Athletic Club Ciney. Affili\u00e9 \u00e0 la LRBA \u2013 la Ligue Royale Belge d\u2019Athl\u00e9tisme, il va se d\u00e9velopper dans l\u2019optique de sa fondation\u00a0: le cross-country et le demi-fond. Sans installations d\u2019athl\u00e9tisme, il n\u2019est pas facile d\u2019initier les jeunes aux disciplines techniques des sauts et des lancers.<\/p>\n\n<p><strong>D\u00e9but 70, une piste artisanale. <\/strong>Avec l\u2019aide du P.O de St Joseph, une piste mi-cendr\u00e9e, mi-gazon voit le jour ainsi que des installations de sauts et de lancers.<\/p>\n\n<p><strong>La cr\u00e9ation de l\u2019ARCH en 1973 \u2026 <\/strong>L\u2019\u00a0\u00ab\u00a0AC Lesse et Lhomme\u00a0\u00bb de Rochefort et le SJACCiney unissent leurs forces en d\u00e9cembre 73 pour former l\u2019ARCH &#8211; Athl\u00e9tisme Rochefort -Ciney- Han s\/Lesse. D\u2019autres sections vont se cr\u00e9er \u00e0 Bande et \u00e0 Dinant pour former un club f\u00e9d\u00e9ral. La gestion ne sera pas simple et les s\u00e9ances d\u2019entra\u00eenement non plus, \u00e9clat\u00e9es entre ces diff\u00e9rents p\u00f4les.<\/p>\n\n<p><strong>Fin des ann\u00e9es 70 et d\u00e9but des ann\u00e9es 80, l\u2019ARCH \u00e9crit ses lettres de noblesse \u2026 <\/strong>De nombreux champions provinciaux, francophones et m\u00eame de Belgique, des recordwomen et recordmen provinciaux, francophones et de Belgique\u00a0;\u00a0 une implication dans la cr\u00e9ation des premiers \u00a0\u00bb Cross \u00e0 allure libre \u00a0\u00bb et \u00a0\u00bb Cross sant\u00e9 \u00a0\u00bb de l&rsquo;ADEPS (pr\u00e9figuration des courses \u00a0\u00bb hors stades \u00ab\u00a0)\u00a0; la cr\u00e9ation d\u2019une \u00e9cole d\u2019athl\u00e9tisme\u00a0; l\u2019organisation des premiers championnats francophones de cross \u00e0 Ciney \u2026 et sa sp\u00e9cialit\u00e9 de l\u2019\u00e9poque, les victoires aux interclubs de cross francophones\u00a0! L\u2019ARCH impose sa marque dans le paysage athl\u00e9tique belge francophone.<\/p>\n\n<p><strong>Les ann\u00e9es 80, la course-nature, le jogging, la Descente de la Lesse, les Corridas \u2026 <\/strong>La course hors-stade, \u00e0 allure libre, dans la nature fait peur aux dirigeants d\u2019un athl\u00e9tisme un brin rigide. Les joggers, les simples coureurs \u00e0 pied, ne sont pas bienvenus dans tous les clubs \u2026 L\u2019ARCH, fondeur et frondeur de nature, en a fait sa force. Il les int\u00e8gre, eux qui enverront leurs enfants \u00e0 l\u2019\u00e9cole d\u2019athl\u00e9tisme, vivier des athl\u00e8tes du futur.Les grandes courses, alliant jogging, libert\u00e9 de courir et amour de la nature, se cr\u00e9ent et se regroupent dans un Challenge des Courses Champ\u00eatres \u2013 le Delhalle. La Descente de la Lesse, cr\u00e9\u00e9e en 1981, sera parmi les fondateurs. Les Corridas, du Vendredi Saint \u00e0 Dinant, et de la St Sylvestre \u00e0 Ciney, viendront ensuite \u00e9toffer les talents d\u2019organisateur des Archers.<\/p>\n\n<p><strong>Et l\u2019athl\u00e9tisme, et la piste\u00a0alors\u00a0? 1995\u00a0! <\/strong>Entretemps, les records et performances sur piste, les participations aux championnats, les interclubs g\u00e9n\u00e8rent nombre de champions provinciaux, francophones, belges et des athl\u00e8tes s\u00e9lectionn\u00e9s dans les \u00e9quipes nationales\u00a0\u2026 toujours dans des conditions indignes du sport olympique n\u00b01. <strong>1995, 6 mois, tous les samedis sans pluie<\/strong>, de leurs mains, les Archers construisent, avec l\u2019aide de l\u2019Institut St Joseph, leur piste en cendr\u00e9e de 331 m.<\/p>\n\n<p><strong>Les ann\u00e9es 2000, le site web <a href=\"http:\/\/www.archathle.eu\/\">www.archathle.eu<\/a> et notre grand espoir, un complexe d\u2019athl\u00e9tisme\u00a0! <\/strong>Alors que le nombre de pratiquants explose, les nouvelles technologies permettent de mieux d\u00e9velopper notre communication\u00a0: le site web, point de ralliement, est con\u00e7u et d\u00e9velopp\u00e9 par des Archers\u00a0; il est r\u00e9nov\u00e9 en 2010, plus visuel, plus dynamique.<\/p>\n\n<p><strong>2006 voit enfin le d\u00e9part d\u2019un nouveau projet de complexe d\u2019athl\u00e9tisme<\/strong> au\u00a0 Rebompr\u00e9 en collaboration avec la R\u00e9gie des Sports. 2011 est l\u2019ann\u00e9e de la concr\u00e9tisation\u00a0: achat des terrains, essais de sols, d\u00e9signation du bureau d\u2019architecture-auteur de projet, d\u00e9p\u00f4t du dossier officiel et, peut-\u00eatre, promesse ferme de subsides\u00a0!<\/p>\n\n<p><strong>L\u2019ARCH est l\u00e0\u00a0! Dynamique, vivant, convivial, sans mani\u00e8res, sans classes et sans fronti\u00e8res. <\/strong>Form\u00e9 de coureurs, d\u2019athl\u00e8tes, de b\u00e9n\u00e9voles, d\u2019entra\u00eeneurs, de parents toujours aussi conscients que l\u2019athl\u00e9tisme est, plus qu\u2019un sport, une \u00e9cole de vie, un \u00e9quilibre, un espace de rencontre, des minutes de d\u00e9tente, des instants de d\u00e9foulement, des moments pour se retrouver soi-m\u00eame, des occasions de diminuer les tensions \u2026mais aussi des centaines de kilom\u00e8tres, des chronos de bonheur, des podiums de r\u00eave, des titres inesp\u00e9r\u00e9s, des applaudissements pour tous, des performances pour chacun \u2026<\/p>\n\n<p><strong>Novembre 2014 : l&rsquo;adjudication du complexe d&rsquo;athl\u00e9tisme au Rebompr\u00e9 est en cours<\/strong> &#8211; Inauguration fin 2015 ou d\u00e9but 2016 !<\/p>\n\n<p><strong>Septembre 2015 &#8211; Les travaux de construction de la piste<\/strong> ont bien repris apr\u00e8s une interruption de 3 mois. Pose du synth\u00e9tique au printemps. Inauguration en \u00e9t\u00e9 2016 &#8230;<\/p>\n\n<p>\u00a0<strong>INAUGURATION ce 26 novembre 2016<\/strong><\/p>\n\n<p>Le mot de Manu: \u00ab\u00a0Salut les amis, ce petit mot pour vous dire &#8230;\u00a0\u00bb Photo ADF : Danielle VDV de 1973 \u00e0 2016 &#8211; <a href=\"https:\/\/vimeo.com\/193221725\">NOTRE VID\u00c9O HOMMAGE AUX 8 ATHL\u00c8TES OLYMPIQUES<\/a> \u00ab\u00a0Different people, same direction\u00a0\u00bb\u00a0&#8211; \u00a0<a href=\"http:\/\/www.matele.be\/quarante-ans-d-effort-recompenses\">Tr\u00e8s beau reportage de Ma T\u00e9l\u00e9 <\/a>&#8211;\u00a0<a href=\"http:\/\/www.rtbf.be\/auvio\/detail_jt-13h?id=2162909\">Le 13h RTBF de samedi 26 nov<\/a> &#8211; <a href=\"http:\/\/www.rtbf.be\/auvio\/detail_le-maga-des-sports-de-8h30?id=2163028&amp;utm_source=media&amp;utm_campaign=social_share&amp;utm_medium=fb_share\">Maga des Sports Vivacit\u00e9<\/a>\u00a0(apr\u00e8s 20&prime;) &#8211;\u00a0<a href=\"http:\/\/www.lavenir.net\/cnt\/dmf20161127_00921387\">Video L&rsquo;Avenir.net <\/a>&#8211;\u00a0<a href=\"https:\/\/www.facebook.com\/philippe.herman.39\/videos\/10211244116124487\/\">Triple-saut F.Xhonneux (video Philippe H)<\/a>\u00a0<\/p>\n\n<p><a href=\"http:\/\/www.lacapitale.be\/1728095\/article\/2016-11-26\/inauguration-de-la-piste-d-athletisme-de-ciney-en-compagnie-de-kevin-et-olivia-b\">Article de Sud Presse<\/a> &#8211;<a href=\"https:\/\/goo.gl\/photos\/beHxmVWCUCjeWjwx9\">Photos de Jacqueline DF<\/a> &#8211; <a href=\"https:\/\/goo.gl\/photos\/TgrwEzhohERRjoKV6\">Photos d&rsquo;Albert DF<\/a> &#8211; <a href=\"https:\/\/goo.gl\/photos\/KY8SnvgPBd2Mx1Q77\">Photos de Victoire H<\/a>\u00a0<\/p>\n\n<figure class=\"wp-block-image\"><img decoding=\"async\" src=\"https:\/\/scontent-ams3-1.xx.fbcdn.net\/t31.0-8\/15138340_973015686137950_5375443270707568355_o.jpg\" alt=\"\" \/><\/figure>\n\n<p>Toutes les heures de doute, de stress et de fatigue ont \u00e9t\u00e9 \u00e9vacu\u00e9es en un tour de piste. Quelle \u00e9motion !!!\u00a0J&rsquo;ai d\u00fb me contenir pour ne pas pleurer tellement c&rsquo;\u00e9tait beau de voir tous les Archers heureux. J\u2019\u00e9pluche les r\u00e9seaux sociaux et je vois toutes les 2 publications des enfants de la r\u00e9gion en photo avec nos vedettes. C&rsquo;est finalement \u00e7a le plus beau cadeau: avoir mis des \u00e9toiles dans les yeux des enfants. C&rsquo;\u00e9tait le but de cette journ\u00e9e et \u00e7a valait mille fois les efforts fournis par tous.\u00a0<\/p>\n\n<p>Je voulais vous remercier chaleureusement pour votre aide. Je me suis senti port\u00e9 dans ce projet un peu fou. Il y a un mois, tout le monde a pris sa part de responsabilit\u00e9 et je mesure une fois de plus la dimension collective et humaine du club. Rien ne m&rsquo;obligeait \u00e0 le faire. Je l&rsquo;ai fait parce qu&rsquo;il y a des gens formidables dans ce club pour qui \u00e7a vaut la peine de mouiller le maillot. Nous ne sommes pas des professionnels. Mais, une fois de plus, nous avons relev\u00e9 le d\u00e9fi.<\/p>\n\n<p>Je vous dis MERCI du fond du c\u0153ur<\/p>\n\n<p>Manu<\/p>\n\n<p><a href=\"http:\/\/www.archathle.eu\/index.php\/informations\/philosophie-valeurs-3\">L&rsquo;historique du projet ICI &#8230;<\/a>\u00a0<a href=\"http:\/\/www.matele.be\/l-invite-manu-morimont\">Manu Morimont en INVITE de Ma T\u00e9l\u00e9 !<\/a><\/p>\n\n<p><a href=\"https:\/\/vimeo.com\/191340379\">RUN FOR LIFE<\/a> Inauguration du stade Rebompr\u00e9 \u00e0 Ciney le samedi 26 novembre en pr\u00e9sence d&rsquo;athl\u00e8tes et coachs olympiques. Cliquez sur le titre ou la vignette pour lancer la video de Manu.<\/p>\n<hr class=\"wp-block-separator has-alpha-channel-opacity\" \/><!-- \/wp:separator -->\t\t\t\t\t\t\t\t<\/div>\n\t\t\t\t<\/div>\n\t\t\t\t\t<\/div>\n\t\t\t\t<\/div>\n\t\t\t\t<\/div>\n\t\t","protected":false},"excerpt":{"rendered":"<p>Petite histoire d\u2019un club ROYAL &#8230; consacr\u00e9 par notre Roi Philippe LIGNE DE VIE (INT\u00c9GRALE) from Emmanuel Morimont on Vimeo. Manu Morimont a mis le film complet \u00e0 disposition &#8230; : \u00ab\u00a0Ligne de vie est un film r\u00e9alis\u00e9 b\u00e9n\u00e9volement. Il vous plonge au coeur d&rsquo;un club d&rsquo;athl\u00e9tisme amateur : l&rsquo;ARCH. Cr\u00e9\u00e9 en 1973, il a [&hellip;]<\/p>\n","protected":false},"author":1,"featured_media":0,"parent":0,"menu_order":0,"comment_status":"closed","ping_status":"closed","template":"","meta":{"footnotes":""},"class_list":["post-9430","page","type-page","status-publish","hentry"],"_links":{"self":[{"href":"https:\/\/archathle.eu\/index.php\/wp-json\/wp\/v2\/pages\/9430","targetHints":{"allow":["GET"]}}],"collection":[{"href":"https:\/\/archathle.eu\/index.php\/wp-json\/wp\/v2\/pages"}],"about":[{"href":"https:\/\/archathle.eu\/index.php\/wp-json\/wp\/v2\/types\/page"}],"author":[{"embeddable":true,"href":"https:\/\/archathle.eu\/index.php\/wp-json\/wp\/v2\/users\/1"}],"replies":[{"embeddable":true,"href":"https:\/\/archathle.eu\/index.php\/wp-json\/wp\/v2\/comments?post=9430"}],"version-history":[{"count":17,"href":"https:\/\/archathle.eu\/index.php\/wp-json\/wp\/v2\/pages\/9430\/revisions"}],"predecessor-version":[{"id":11328,"href":"https:\/\/archathle.eu\/index.php\/wp-json\/wp\/v2\/pages\/9430\/revisions\/11328"}],"wp:attachment":[{"href":"https:\/\/archathle.eu\/index.php\/wp-json\/wp\/v2\/media?parent=9430"}],"curies":[{"name":"wp","href":"https:\/\/api.w.org\/{rel}","templated":true}]}}